{"id":5168,"date":"2018-09-22T14:25:03","date_gmt":"2018-09-22T14:25:03","guid":{"rendered":"https:\/\/haanresort.com\/hotel-village\/"},"modified":"2018-09-22T14:25:03","modified_gmt":"2018-09-22T14:25:03","slug":"hotel-village","status":"publish","type":"page","link":"https:\/\/haanresort.com\/en\/hotel-village\/","title":{"rendered":"Hotel &#038; Village"},"content":{"rendered":"<p>[vc_row full_width=&#8221;stretch_row&#8221; equal_height=&#8221;yes&#8221; content_placement=&#8221;top&#8221; css=&#8221;.vc_custom_1614088375505{padding-top: 60px !important;}&#8221;][vc_column][vc_row_inner][vc_column_inner]<div class=\"text-left reda-page-header id_169dff9e7e57861910654334 animate-text   vc_custom_1613555566341\"><div class=\"reda-header  header-color\" style=\"color: #ab6c2d;\"><\/div><\/div><\/p>\n<h1><span style=\"line-height: 1em; font-size: 86px;\">Hotel &amp; Village<\/span><\/h1>\n<p><style scoped> .reda-page-header.id_169dff9e7e57861910654334 .header-underline:after { background-color: #ab6c2d; }<\/style><div class=\"text-left reda-page-header id_169dff9e7e57b22129714453 animate-text   vc_custom_1613556151590\"><div class=\"reda-header  header-color\" style=\"color: #2c2a42;\"><\/div><\/div><\/p>\n<h3>N\u01a1i ngh\u1ec9 d\u01b0\u1ee1ng \u0111\u1eb7c bi\u1ec7t t\u1ea1i th\u00e0nh ph\u1ed1 Th\u1ee7 \u0110\u1ee9c<\/h3>\n<p><style scoped> .reda-page-header.id_169dff9e7e57b22129714453 .header-underline:after { background-color: #2c2a42; }<\/style>[vc_empty_space height=&#8221;15px&#8221;][vc_column_text css=&#8221;.vc_custom_1614148888122{margin-top: 0px !important;}&#8221;]<\/p>\n<ul>\n<li id=\"tw-target-text\" class=\"tw-data-text tw-text-large XcVN5d tw-ta\" dir=\"ltr\" style=\"text-align: left;\" data-placeholder=\"B\u1ea3n d\u1ecbch\"><span lang=\"vi\" style=\"font-size: 18px;\">HAAN Resort &amp; Golf g\u1ed3m nh\u1eefng bungalow \u0111\u01b0\u1ee3c thi\u1ebft k\u1ebf t\u1eeb nguy\u00ean b\u1ea3n nh\u00e0 r\u01b0\u1eddng g\u1ed7 \u0111\u01b0\u1ee3c s\u01b0u t\u1ea7m t\u1eeb nhi\u1ec1u v\u00f9ng mi\u1ec1n c\u1ee7a Vi\u1ec7t Nam v\u00e0 x\u00e2y d\u1ef1ng theo phong c\u00e1ch truy\u1ec1n th\u1ed1ng, v\u1edbi mong \u01b0\u1edbc qu\u00fd kh\u00e1ch s\u1ebd \u0111\u01b0\u1ee3c t\u1eadn h\u01b0\u1edfng kh\u00f4ng gian ngh\u1ec9 d\u01b0\u1ee1ng sang tr\u1ecdng ti\u1ec7n nghi m\u00e0 g\u1ea7n g\u0169i, \u1ea5m \u00e1p nh\u01b0 \u1edf ch\u00ednh ng\u00f4i nh\u00e0 th\u00e2n y\u00eau c\u1ee7a ch\u00ednh m\u00ecnh.<\/span><\/li>\n<li class=\"tw-data-text tw-text-large XcVN5d tw-ta\" dir=\"ltr\" style=\"text-align: left;\" data-placeholder=\"B\u1ea3n d\u1ecbch\"><span lang=\"vi\" style=\"font-size: 18px;\">Ch\u00fac qu\u00fd kh\u00e1ch c\u00f3 kho\u1ea3ng th\u1eddi gian th\u00fa v\u1ecb v\u00e0 h\u1ea1nh ph\u00fac c\u00f9ng ch\u00fang t\u00f4i t\u1ea1i HAAN.<\/span><\/li>\n<\/ul>\n<p>[\/vc_column_text][vc_empty_space height=&#8221;60px&#8221;][\/vc_column_inner][\/vc_row_inner][\/vc_column][\/vc_row][vc_row full_width=&#8221;stretch_row_content_no_spaces&#8221; gap=&#8221;yes&#8221; equal_height=&#8221;yes&#8221; content_placement=&#8221;middle&#8221; parallax_image=&#8221;3876&#8243; el_class=&#8221;reset-padding&#8221; css=&#8221;.vc_custom_1613556810618{margin-top: 0px !important;margin-bottom: 0px !important;padding-top: 0px !important;padding-bottom: 0px !important;background-image: url(https:\/\/haanresort.com\/wp-content\/uploads\/2021\/02\/KPM00114.jpg?id=3882) !important;background-position: center !important;background-repeat: no-repeat !important;background-size: cover !important;}&#8221;][vc_column width=&#8221;2\/3&#8243;][\/vc_column][vc_column width=&#8221;1\/3&#8243;][vc_empty_space height=&#8221;100px&#8221;]<div class=\" vc_custom_1613556820228 call-to-action cta-sm\"><div class=\"page-bg-color id_169dff9e7e57f31995050388 element-cta \" style=\"background: #ab6c2d\">\n\t\t\t\t\t<div class=\"cta-content animate-text loaded-text\" style=\"padding: 60px 60px\">\n\t\t\t\t\t\t<div class=\"content\"><\/div><\/div><\/div><\/div><\/p>\n<p class=\"reda-header-top\" style=\"margin-bottom: 5px;\"><span style=\"color: #ffffff;\">Village<\/span><\/p>\n<h2><a href=\"https:\/\/haanresort.com\/orchid-room\/?lang=en\"><span style=\"color: #ffffff;\">ORCHID ROOM<\/span><\/a><\/h2>\n<p>\n\n\t\t\t\t\t\t<div class=\"text-center animate-text \" style=\"margin-bottom: 0;\"><a href=\"https:\/\/haanresort.com\/orchid-room\/\"  class=\"btn btn-single btn-md btn-border btn-accent  \">\n\t\t\t\t\t<span class=\"btn-text \">View More<\/span>\n\t\t\t\t<\/a><\/div>\n\t\t\t\t\t\n\t\t\t\t\n\n\t\t<style scoped>\n\t\t\t.id_169dff9e7e57f31995050388.element-cta h1, .id_169dff9e7e57f31995050388.element-cta h2, .id_169dff9e7e57f31995050388.element-cta h3, .id_169dff9e7e57f31995050388.element-cta h4, .id_169dff9e7e57f31995050388.element-cta h5, .id_169dff9e7e57f31995050388.element-cta h6 { color: #ffffff; }\n\t\t\t.id_169dff9e7e57f31995050388.element-cta p, .id_169dff9e7e57f31995050388.element-cta li { color: #ffffff; }\n\t\t\t.id_169dff9e7e57f31995050388.element-cta.page-bg-color { background-color: #ab6c2d; }\n\t\t\t.id_169dff9e7e57f31995050388.element-cta .reda-header-top { color: ; }\n\t\t\t.id_169dff9e7e57f31995050388.element-cta .btn-solid.btn-accent, .id_169dff9e7e57f31995050388 .btn-border.btn-accent:hover { background: ; }\n\t\t\t.id_169dff9e7e57f31995050388.element-cta .btn-accent { border-color: ; }\n\t\t\t.id_169dff9e7e57f31995050388.element-cta .btn-border.btn-accent .btn-text { color: ; }\n\t\t\t.id_169dff9e7e57f31995050388.element-cta .btn-border.btn-accent:hover .btn-text { color: #ab6c2d; } \n\t\t\t<\/style>[vc_empty_space height=&#8221;100px&#8221;][\/vc_column][\/vc_row][vc_row full_width=&#8221;stretch_row_content_no_spaces&#8221; gap=&#8221;yes&#8221; equal_height=&#8221;yes&#8221; content_placement=&#8221;middle&#8221; parallax=&#8221;content-moving&#8221; parallax_image=&#8221;3904&#8243; el_class=&#8221;reset-padding&#8221; css=&#8221;.vc_custom_1613556922979{margin-top: 0px !important;margin-bottom: 0px !important;padding-top: 0px !important;padding-bottom: 0px !important;background-image: url(https:\/\/haanresort.com\/wp-content\/uploads\/2018\/09\/psd-lake.jpg?id=1844) !important;background-position: center;background-repeat: no-repeat !important;background-size: cover !important;}&#8221;][vc_column width=&#8221;1\/3&#8243;][vc_empty_space height=&#8221;100px&#8221;]<div class=\" vc_custom_1613556879754 call-to-action cta-sm\"><div class=\"page-bg-color id_169dff9e7e5a1d843726285 element-cta \" style=\"background: #ab6c2d\">\n\t\t\t\t\t<div class=\"cta-content animate-text loaded-text\" style=\"padding: 60px 60px\">\n\t\t\t\t\t\t<div class=\"content\"><\/div><\/div><\/div><\/div><\/p>\n<p class=\"reda-header-top\" style=\"margin-bottom: 5px;\"><span style=\"color: #ffffff;\">Lake Palais Residences<\/span><\/p>\n<h2><a href=\"https:\/\/haanresort.com\/daisy-room\/?lang=en\"><span style=\"color: #ffffff;\">DAISY ROOM<\/span><\/a><\/h2>\n<p>\n\n\t\t\t\t\t\t<div class=\"text-center animate-text \" style=\"margin-bottom: 0;\"><a href=\"https:\/\/haanresort.com\/orchid-room\/\"  class=\"btn btn-single btn-md btn-border btn-accent  \">\n\t\t\t\t\t<span class=\"btn-text \">View More<\/span>\n\t\t\t\t<\/a><\/div>\n\t\t\t\t\t\n\t\t\t\t\n\n\t\t<style scoped>\n\t\t\t.id_169dff9e7e5a1d843726285.element-cta h1, .id_169dff9e7e5a1d843726285.element-cta h2, .id_169dff9e7e5a1d843726285.element-cta h3, .id_169dff9e7e5a1d843726285.element-cta h4, .id_169dff9e7e5a1d843726285.element-cta h5, .id_169dff9e7e5a1d843726285.element-cta h6 { color: #ffffff; }\n\t\t\t.id_169dff9e7e5a1d843726285.element-cta p, .id_169dff9e7e5a1d843726285.element-cta li { color: #ffffff; }\n\t\t\t.id_169dff9e7e5a1d843726285.element-cta.page-bg-color { background-color: #ab6c2d; }\n\t\t\t.id_169dff9e7e5a1d843726285.element-cta .reda-header-top { color: ; }\n\t\t\t.id_169dff9e7e5a1d843726285.element-cta .btn-solid.btn-accent, .id_169dff9e7e5a1d843726285 .btn-border.btn-accent:hover { background: ; }\n\t\t\t.id_169dff9e7e5a1d843726285.element-cta .btn-accent { border-color: ; }\n\t\t\t.id_169dff9e7e5a1d843726285.element-cta .btn-border.btn-accent .btn-text { color: ; }\n\t\t\t.id_169dff9e7e5a1d843726285.element-cta .btn-border.btn-accent:hover .btn-text { color: #ab6c2d; } \n\t\t\t<\/style>[vc_empty_space height=&#8221;100px&#8221;][\/vc_column][vc_column width=&#8221;2\/3&#8243;][\/vc_column][\/vc_row]<\/p>\n","protected":false},"excerpt":{"rendered":"<p>[vc_row full_width=&#8221;stretch_row&#8221; equal_height=&#8221;yes&#8221; content_placement=&#8221;top&#8221; css=&#8221;.vc_custom_1614088375505{padding-top: 60px !important;}&#8221;][vc_column][vc_row_inner][vc_column_inner][vc_empty_space height=&#8221;15px&#8221;][vc_column_text css=&#8221;.vc_custom_1614148888122{margin-top: 0px !important;}&#8221;] HAAN Resort &amp; Golf g\u1ed3m nh\u1eefng bungalow \u0111\u01b0\u1ee3c thi\u1ebft k\u1ebf t\u1eeb nguy\u00ean b\u1ea3n nh\u00e0 r\u01b0\u1eddng g\u1ed7 \u0111\u01b0\u1ee3c s\u01b0u t\u1ea7m t\u1eeb nhi\u1ec1u v\u00f9ng mi\u1ec1n c\u1ee7a Vi\u1ec7t Nam v\u00e0 x\u00e2y d\u1ef1ng theo phong c\u00e1ch truy\u1ec1n th\u1ed1ng, v\u1edbi mong \u01b0\u1edbc qu\u00fd kh\u00e1ch s\u1ebd \u0111\u01b0\u1ee3c t\u1eadn h\u01b0\u1edfng kh\u00f4ng [&hellip;]<\/p>\n","protected":false},"author":1,"featured_media":0,"parent":0,"menu_order":0,"comment_status":"closed","ping_status":"closed","template":"","meta":[],"_links":{"self":[{"href":"https:\/\/haanresort.com\/en\/wp-json\/wp\/v2\/pages\/5168"}],"collection":[{"href":"https:\/\/haanresort.com\/en\/wp-json\/wp\/v2\/pages"}],"about":[{"href":"https:\/\/haanresort.com\/en\/wp-json\/wp\/v2\/types\/page"}],"author":[{"embeddable":true,"href":"https:\/\/haanresort.com\/en\/wp-json\/wp\/v2\/users\/1"}],"replies":[{"embeddable":true,"href":"https:\/\/haanresort.com\/en\/wp-json\/wp\/v2\/comments?post=5168"}],"version-history":[{"count":0,"href":"https:\/\/haanresort.com\/en\/wp-json\/wp\/v2\/pages\/5168\/revisions"}],"wp:attachment":[{"href":"https:\/\/haanresort.com\/en\/wp-json\/wp\/v2\/media?parent=5168"}],"curies":[{"name":"wp","href":"https:\/\/api.w.org\/{rel}","templated":true}]}}