{"id":5162,"date":"2018-10-10T02:29:33","date_gmt":"2018-10-10T02:29:33","guid":{"rendered":"https:\/\/haanresort.com\/restaurant-2\/"},"modified":"2018-10-10T02:29:33","modified_gmt":"2018-10-10T02:29:33","slug":"restaurant-2","status":"publish","type":"page","link":"https:\/\/haanresort.com\/en\/restaurant-2\/","title":{"rendered":"Restaurant &#038; coffee"},"content":{"rendered":"<p>[vc_row full_width=&#8221;stretch_row_content_no_spaces&#8221; gap=&#8221;yes&#8221; equal_height=&#8221;yes&#8221; content_placement=&#8221;middle&#8221; parallax=&#8221;content-moving&#8221; parallax_image=&#8221;3954&#8243; el_class=&#8221;reset-padding resetbk-image&#8221; css=&#8221;.vc_custom_1614087179269{margin-top: 0px !important;margin-bottom: 0px !important;padding-top: 0px !important;padding-bottom: 0px !important;background-position: center;background-repeat: no-repeat !important;background-size: cover !important;}&#8221;][vc_column width=&#8221;2\/3&#8243;][\/vc_column][vc_column width=&#8221;1\/3&#8243; el_class=&#8221;tien-ich&#8221;][vc_empty_space height=&#8221;100px&#8221; height2=&#8221;400px&#8221; el_class=&#8221;heightSingle&#8221;]<div class=\" vc_custom_1614760237858 call-to-action cta-sm\"><div class=\"page-bg-color id_169e03e1120a3d964824604 element-cta \" style=\"background: #ab6c2d\">\n\t\t\t\t\t<div class=\"cta-content animate-text loaded-text\" style=\"padding: 60px 60px\">\n\t\t\t\t\t\t<div class=\"content\"><\/div><\/div><\/div><\/div><\/p>\n<hr \/>\n<p><span style=\"font-size: 80px;\">RESTAURANT &amp; COFFEE<\/span><\/p>\n<hr \/>\n<p>\n\n\t\t\t\t\t\t<div class=\"text-left animate-text \" style=\"margin-bottom: 0;\"><a href=\"https:\/\/www.book-secure.com\/index.php?s=results&amp;property=vnhan27287&amp;arrival=2018-09-28&amp;departure=2018-09-29&amp;adults1=1&amp;children1=0&amp;rooms=1&amp;locale=en_GB&amp;currency=USD&amp;stid=be4lva9v8&amp;showPromotions=1&amp;Clusternames=ASIAVNHanoiClubLake&amp;cluster=ASIAVNHanoiClubLake&amp;Hotelnames=ASIAVNHanoiClubLake&amp;hname=ASIAVNHanoiClubLake&amp;arrivalDateValue=2018-09-28&amp;frommonth=9&amp;fromday=28&amp;fromyear=2018&amp;departureDateValue=2018-09-29&amp;tomonth=9&amp;today=29&amp;toyear=2018&amp;adulteresa=1&amp;nbAdultsValue=1&amp;redir=UK-so5523q0o4&amp;rt=1538126234\" target=\"_blank\" class=\"btn btn-single btn-md btn-border btn-light  \" rel=\"noopener\">\n\t\t\t\t\t<span class=\"btn-text \">Check Availability<\/span>\n\t\t\t\t<\/a><\/div>\n\t\t\t\t\t\n\t\t\t\t\n\n\t\t<style scoped>\n\t\t\t.id_169e03e1120a3d964824604.element-cta h1, .id_169e03e1120a3d964824604.element-cta h2, .id_169e03e1120a3d964824604.element-cta h3, .id_169e03e1120a3d964824604.element-cta h4, .id_169e03e1120a3d964824604.element-cta h5, .id_169e03e1120a3d964824604.element-cta h6 { color: #ffffff; }\n\t\t\t.id_169e03e1120a3d964824604.element-cta p, .id_169e03e1120a3d964824604.element-cta li { color: #ffffff; }\n\t\t\t.id_169e03e1120a3d964824604.element-cta.page-bg-color { background-color: #ab6c2d; }\n\t\t\t.id_169e03e1120a3d964824604.element-cta .reda-header-top { color: ; }\n\t\t\t.id_169e03e1120a3d964824604.element-cta .btn-solid.btn-accent, .id_169e03e1120a3d964824604 .btn-border.btn-accent:hover { background: ; }\n\t\t\t.id_169e03e1120a3d964824604.element-cta .btn-accent { border-color: ; }\n\t\t\t.id_169e03e1120a3d964824604.element-cta .btn-border.btn-accent .btn-text { color: ; }\n\t\t\t.id_169e03e1120a3d964824604.element-cta .btn-border.btn-accent:hover .btn-text { color: #ab6c2d; } \n\t\t\t<\/style>[vc_empty_space height=&#8221;100px&#8221; height2=&#8221;0&#8243;][\/vc_column][\/vc_row][vc_row full_width=&#8221;stretch_row&#8221; equal_height=&#8221;yes&#8221; content_placement=&#8221;top&#8221; css=&#8221;.vc_custom_1614086868718{padding-top: 30px !important;}&#8221; el_class=&#8221;paddingMobile&#8221;][vc_column][vc_row_inner][vc_column_inner css=&#8221;.vc_custom_1538117998626{margin-right: 30px !important;}&#8221;]<div class=\"text-left reda-page-header id_169e03e1120cca553083884 animate-text   vc_custom_1614760179796\"><div class=\"reda-header  header-color\" style=\"color: #ab6c2d;\"><\/div><\/div><\/p>\n<h1>Restaurant &amp; coffee<\/h1>\n<p><style scoped> .reda-page-header.id_169e03e1120cca553083884 .header-underline:after { background-color: #ab6c2d; }<\/style>[vc_column_text css=&#8221;.vc_custom_1614224500069{margin-top: 0px !important;}&#8221;]Nh\u00e0 h\u00e0ng c\u1ee7a HAAN mang phong c\u00e1ch truy\u1ec1n th\u1ed1ng v\u1edbi kh\u00f4ng gian m\u1edf th\u00e2n thi\u1ec7n, tho\u00e1ng \u0111\u00e3ng, t\u1ea7m nh\u00ecn r\u1ed9ng r\u00e3i, ph\u1ee5c v\u1ee5 c\u00e1c m\u00f3n \u0103n \u0111\u1eb7c s\u1ea3n \u0111\u1ecba ph\u01b0\u01a1ng \u0111\u01b0\u1ee3c \u0111\u00e1nh b\u1eaft theo m\u00f9a v\u00e0 c\u00e1c m\u00f3n sang tr\u1ecdng ki\u1ec3u ph\u01b0\u01a1ng T\u00e2y,\u00a0 c\u00e1c m\u00f3n n\u01b0\u1edbc u\u1ed1ng theo xu h\u01b0\u1edbng xanh v\u00e0 s\u1ea1ch, thanh l\u1ecdc c\u01a1 th\u1ec3, b\u1ea3o v\u1ec7 s\u1ee9c kh\u1ecfe, h\u1ea5p d\u1eabn m\u1ecdi kh\u1ea9u v\u1ecb v\u00e0 s\u1edf th\u00edch.[\/vc_column_text][vc_empty_space height=&#8221;30px&#8221; height2=&#8221;0&#8243;][\/vc_column_inner][\/vc_row_inner][\/vc_column][\/vc_row][vc_row equal_height=&#8221;yes&#8221; css=&#8221;.vc_custom_1541058974582{margin-top: 0px !important;}&#8221; el_class=&#8221;paddingMobile&#8221;][vc_column width=&#8221;1\/3&#8243; css=&#8221;.vc_custom_1538122654891{border-right-width: 1px !important;padding-right: 10px !important;border-right-color: #e2e2e2 !important;border-right-style: solid !important;}&#8221;]<div class=\"aio-icon-component    style_1\"><div id=\"Info-box-wrap-9359\" class=\"aio-icon-box default-icon\" style=\"\"><div class=\"aio-icon-default\"><div class=\"ult-just-icon-wrapper  \"><div class=\"align-icon\" style=\"text-align:center;\">\n<div class=\"aio-icon-img \" style=\"font-size:40px;display:inline-block;\">\n\t<img class=\"img-icon\" alt=\"null\" src=\"https:\/\/haanresort.com\/wp-content\/uploads\/2018\/09\/Media-Entertainment.png\"\/>\n<\/div><\/div><\/div><\/div><div class=\"aio-icon-header\"><h3 class=\"aio-icon-title ult-responsive\"  data-ultimate-target='#Info-box-wrap-9359 .aio-icon-title'  data-responsive-json-new='{\"font-size\":\"desktop:20px;\",\"line-height\":\"\"}'  style=\"\">Ti\u1ec7n \u00edch c\u00f4ng c\u1ed9ng<\/h3><\/div> <!-- header --><\/div> <!-- aio-icon-box --><\/div> <!-- aio-icon-component -->[vc_column_text]<\/p>\n<ul>\n<li><span style=\"font-size: 14px;\">Truy c\u1eadp Internet b\u0103ng th\u00f4ng r\u1ed9ng v\u00e0 WiFi mi\u1ec5n ph\u00ed<\/span><\/li>\n<li><span style=\"font-size: 14px;\">Truy\u1ec1n h\u00ecnh v\u1ec7 tinh \/ c\u00e1p<\/span><span style=\"font-size: 14px;\"><br \/>\n<\/span><\/li>\n<\/ul>\n<p>[\/vc_column_text][\/vc_column][vc_column width=&#8221;1\/3&#8243; css=&#8221;.vc_custom_1538122661773{border-right-width: 1px !important;padding-right: 25px !important;padding-left: 10px !important;border-right-color: #e2e2e2 !important;border-right-style: solid !important;}&#8221;]<div class=\"aio-icon-component    style_1\"><div id=\"Info-box-wrap-3326\" class=\"aio-icon-box default-icon\" style=\"\"><div class=\"aio-icon-default\"><div class=\"ult-just-icon-wrapper  \"><div class=\"align-icon\" style=\"text-align:center;\">\n<div class=\"aio-icon-img \" style=\"font-size:40px;display:inline-block;\">\n\t<img class=\"img-icon\" alt=\"null\" src=\"https:\/\/haanresort.com\/wp-content\/uploads\/2018\/09\/Refreshments.png\"\/>\n<\/div><\/div><\/div><\/div><div class=\"aio-icon-header\"><h3 class=\"aio-icon-title ult-responsive\"  data-ultimate-target='#Info-box-wrap-3326 .aio-icon-title'  data-responsive-json-new='{\"font-size\":\"desktop:20px;\",\"line-height\":\"\"}'  style=\"\">Coffee v\u00e0 \u0111\u1ed3 \u0103n<\/h3><\/div> <!-- header --><\/div> <!-- aio-icon-box --><\/div> <!-- aio-icon-component -->[vc_column_text]<\/p>\n<ul>\n<li>Ph\u1ee5c v\u1ee5 c\u00e1c lo\u1ea1i th\u1ee9c u\u1ed1ng:<\/li>\n<li>Tr\u00e0 v\u00e0 coffee<\/li>\n<li>Sinh t\u1ed1<\/li>\n<li>N\u01b0\u1edbc gi\u1ea3i kh\u00e1t<\/li>\n<\/ul>\n<p>[\/vc_column_text][\/vc_column][vc_column width=&#8221;1\/3&#8243; css=&#8221;.vc_custom_1538122668729{border-right-width: 1px !important;padding-right: 25px !important;padding-left: 10px !important;border-right-color: #e2e2e2 !important;border-right-style: solid !important;}&#8221;]<div class=\"aio-icon-component    style_1\"><div id=\"Info-box-wrap-6161\" class=\"aio-icon-box default-icon\" style=\"\"><div class=\"aio-icon-default\"><div class=\"ult-just-icon-wrapper  \"><div class=\"align-icon\" style=\"text-align:center;\">\n<div class=\"aio-icon-img \" style=\"font-size:40px;display:inline-block;\">\n\t<img class=\"img-icon\" alt=\"null\" src=\"https:\/\/haanresort.com\/wp-content\/uploads\/2018\/09\/jobwise.png\"\/>\n<\/div><\/div><\/div><\/div><div class=\"aio-icon-header\"><h3 class=\"aio-icon-title ult-responsive\"  data-ultimate-target='#Info-box-wrap-6161 .aio-icon-title'  data-responsive-json-new='{\"font-size\":\"desktop:20px;\",\"line-height\":\"\"}'  style=\"\">Ti\u1ec7c v\u00e0 m\u00f3n \u0103n \u0111\u1eb7c s\u1ea3n<\/h3><\/div> <!-- header --><\/div> <!-- aio-icon-box --><\/div> <!-- aio-icon-component -->[vc_column_text]<\/p>\n<ul>\n<li>C\u00e1c m\u00f3n \u0103n truy\u1ec1n th\u1ed1ng Vi\u1ec7t Nam<\/li>\n<li>C\u00e1c m\u00f3n \u0103n T\u00e2y \u00c2u<\/li>\n<li>C\u00e1c m\u00f3n \u0103n nh\u1eb9<\/li>\n<\/ul>\n<p>[\/vc_column_text][\/vc_column][\/vc_row]<\/p>\n","protected":false},"excerpt":{"rendered":"<p>[vc_row full_width=&#8221;stretch_row_content_no_spaces&#8221; gap=&#8221;yes&#8221; equal_height=&#8221;yes&#8221; content_placement=&#8221;middle&#8221; parallax=&#8221;content-moving&#8221; parallax_image=&#8221;3954&#8243; el_class=&#8221;reset-padding resetbk-image&#8221; css=&#8221;.vc_custom_1614087179269{margin-top: 0px !important;margin-bottom: 0px !important;padding-top: 0px !important;padding-bottom: 0px !important;background-position: center;background-repeat: no-repeat !important;background-size: cover !important;}&#8221;][vc_column width=&#8221;2\/3&#8243;][\/vc_column][vc_column width=&#8221;1\/3&#8243; el_class=&#8221;tien-ich&#8221;][vc_empty_space height=&#8221;100px&#8221; height2=&#8221;400px&#8221; el_class=&#8221;heightSingle&#8221;][vc_empty_space height=&#8221;100px&#8221; height2=&#8221;0&#8243;][\/vc_column][\/vc_row][vc_row full_width=&#8221;stretch_row&#8221; equal_height=&#8221;yes&#8221; content_placement=&#8221;top&#8221; css=&#8221;.vc_custom_1614086868718{padding-top: 30px !important;}&#8221; el_class=&#8221;paddingMobile&#8221;][vc_column][vc_row_inner][vc_column_inner css=&#8221;.vc_custom_1538117998626{margin-right: 30px !important;}&#8221;][vc_column_text css=&#8221;.vc_custom_1614224500069{margin-top: 0px !important;}&#8221;]Nh\u00e0 h\u00e0ng c\u1ee7a HAAN mang phong c\u00e1ch truy\u1ec1n th\u1ed1ng v\u1edbi kh\u00f4ng gian [&hellip;]<\/p>\n","protected":false},"author":1,"featured_media":0,"parent":0,"menu_order":0,"comment_status":"closed","ping_status":"closed","template":"","meta":[],"_links":{"self":[{"href":"https:\/\/haanresort.com\/en\/wp-json\/wp\/v2\/pages\/5162"}],"collection":[{"href":"https:\/\/haanresort.com\/en\/wp-json\/wp\/v2\/pages"}],"about":[{"href":"https:\/\/haanresort.com\/en\/wp-json\/wp\/v2\/types\/page"}],"author":[{"embeddable":true,"href":"https:\/\/haanresort.com\/en\/wp-json\/wp\/v2\/users\/1"}],"replies":[{"embeddable":true,"href":"https:\/\/haanresort.com\/en\/wp-json\/wp\/v2\/comments?post=5162"}],"version-history":[{"count":0,"href":"https:\/\/haanresort.com\/en\/wp-json\/wp\/v2\/pages\/5162\/revisions"}],"wp:attachment":[{"href":"https:\/\/haanresort.com\/en\/wp-json\/wp\/v2\/media?parent=5162"}],"curies":[{"name":"wp","href":"https:\/\/api.w.org\/{rel}","templated":true}]}}