{"id":5159,"date":"2020-09-23T10:29:31","date_gmt":"2020-09-23T10:29:31","guid":{"rendered":"https:\/\/haanresort.com\/nha-hang\/"},"modified":"2022-03-04T16:59:52","modified_gmt":"2022-03-04T09:59:52","slug":"nha-hang","status":"publish","type":"page","link":"https:\/\/haanresort.com\/en\/nha-hang\/","title":{"rendered":"Nh\u00e0 h\u00e0ng"},"content":{"rendered":"<p>[vc_row full_width=&#8221;stretch_row&#8221; equal_height=&#8221;yes&#8221; content_placement=&#8221;top&#8221; css=&#8221;.vc_custom_1541064926482{padding-top: 120px !important;}&#8221; el_class=&#8221;paddingMb-title&#8221;][vc_column][vc_empty_space height=&#8221;0&#8243; height2=&#8221;50px&#8221;]<div class=\"text-left reda-page-header id_169e1e984bc8451594187653 animate-text  \"><div class=\"reda-header  header-underline underline-50 header-color\" style=\"color: #ab6c2d;\"><\/div><\/div><\/p>\n<h1><span style=\"font-size: 140px;\">Nh\u00e0 h\u00e0ng<\/span><\/h1>\n<p><style scoped> .reda-page-header.id_169e1e984bc8451594187653 .header-underline:after { background-color: #ab6c2d; }<\/style>[vc_row_inner][vc_column_inner width=&#8221;1\/2&#8243;]<div class=\"text-left reda-page-header id_169e1e984bc898343145080 animate-text   vc_custom_1600857327237\"><div class=\"reda-header  header-color\" style=\"color: ;\"><\/div><\/div><\/p>\n<h2>Qu\u1ea7y Bar &amp; Nh\u00e0 h\u00e0ng<\/h2>\n<p><style scoped> .reda-page-header.id_169e1e984bc898343145080 .header-underline:after { background-color: ; }<\/style>[\/vc_column_inner][vc_column_inner width=&#8221;1\/2&#8243;][vc_empty_space height=&#8221;15px&#8221;][vc_column_text css=&#8221;.vc_custom_1600857361732{margin-top: 0px !important;margin-left: 60px !important;}&#8221;]Ch\u00fang t\u00f4i cung c\u1ea5p nhi\u1ec1u lo\u1ea1i th\u00e0nh vi\u00ean cho c\u1ea3 ng\u01b0\u1eddi n\u01b0\u1edbc ngo\u00e0i v\u00e0 ng\u01b0\u1eddi d\u00e2n \u0111\u1ecba ph\u01b0\u01a1ng. \u0110\u1ec3 bi\u1ebft th\u00eam chi ti\u1ebft, vui l\u00f2ng li\u00ean h\u1ec7 v\u1edbi b\u1ed9 ph\u1eadn th\u00e0nh vi\u00ean c\u1ee7a ch\u00fang t\u00f4i t\u1ea1i:<\/p>\n<p>Email:\u00a0info@daian.com<br \/>\nTel: 0123 456 789[\/vc_column_text][\/vc_column_inner][\/vc_row_inner][vc_empty_space height=&#8221;90px&#8221; height2=&#8221;0&#8243;][\/vc_column][\/vc_row][vc_row el_class=&#8221;paddingMobile&#8221;][vc_column]<div class=\"food-menu food-menu-img page-padding-top odd-img-right cat-title-above-img id_169e1e984bc8be874207380 \"><div class=\"food-menu-filters\">\n\t\t\t\t<ul class=\"food-menu-filters-list filters-center\"><li class=\"active-filter pseudo-accent-color\"><a class=\"header-color\" href=\"#\" data-id=\"35\" data-slug=\"brunch\">Brunch<\/a><\/li><li class=\"pseudo-accent-color\"><a class=\"header-color\" href=\"#\" data-id=\"36\" data-slug=\"beverage\">Beverage<\/a><\/li><li class=\"pseudo-accent-color\"><a class=\"header-color\" href=\"#\" data-id=\"37\" data-slug=\"day-menu\">Day menu<\/a><\/li> <\/ul><\/div><div class=\"food-menu-container\"><div class=\"grid-sizer\"><\/div><div class=\"food-menu-category animate-text\"><div class=\"food-menu-cat-img\"><div class=\"food-menu-cat-header\" data-id=\"35\" data-slug=\"brunch\"><h4 class=\"header-color\"><\/h4><div class=\"food-menu-subtitle\"><\/div><\/div><div class=\"food-menu-featured-img\"><span class=\"img-wrapper\"><img src=\"https:\/\/haanresort.com\/wp-content\/uploads\/2018\/10\/elli-o-65548-680x900.jpg\" data-id=\"35\" alt=\"food-item-img\"\/><\/span><\/div><\/div><div class=\"food-menu-items\"><div class=\"food-menu-cat-header\" data-id=\"35\" data-slug=\"brunch\"><h4 class=\"header-color\"><\/h4><div class=\"food-menu-subtitle\"><\/div><\/div><\/div><\/div><\/div><div class=\"food-menu-container-new\"><\/div><\/div><style scoped>\n\t\t\t.id_169e1e984bc8be874207380.food-menu .header-color { color: ; }\n\t\t\t.id_169e1e984bc8be874207380 .pseudo-accent-color:after { background: ; }\n\t\t\t.id_169e1e984bc8be874207380 .text-color { color: ; }\n\t\t\t.id_169e1e984bc8be874207380 .food-menu-item-header:not(.pseudo-accent-color):after, .food-menu-filters-list:after { background: #f5f5f5; }\n\t\t\t<\/style>[vc_empty_space height=&#8221;120px&#8221; height2=&#8221;0&#8243;][\/vc_column][\/vc_row][vc_row full_width=&#8221;stretch_row_content_no_spaces&#8221; gap=&#8221;yes&#8221; equal_height=&#8221;yes&#8221; content_placement=&#8221;middle&#8221; parallax=&#8221;content-moving&#8221; parallax_image=&#8221;1424&#8243; css=&#8221;.vc_custom_1496150666830{margin-top: 0px !important;margin-bottom: 0px !important;padding-top: 0px !important;padding-bottom: 0px !important;}&#8221; el_class=&#8221;reset-padding&#8221;][vc_column width=&#8221;2\/3&#8243; css=&#8221;.vc_custom_1537530575261{background-image: url(https:\/\/haanresort.com\/wp-content\/uploads\/2017\/04\/HC-11-1050.jpg?id=1651) !important;background-position: center !important;background-repeat: no-repeat !important;background-size: cover !important;}&#8221;][vc_empty_space height=&#8221;0&#8243; height2=&#8221;200px&#8221;][\/vc_column][vc_column width=&#8221;1\/3&#8243; css=&#8221;.vc_custom_1496150749392{background-color: #181a2d !important;}&#8221;][vc_empty_space height=&#8221;120px&#8221; height2=&#8221;0&#8243;]<div class=\" vc_custom_1600857197575 call-to-action cta-sm\"><div class=\"page-bg-color id_169e1e984be1e5712847947 element-cta \" style=\"background: #1d2035\">\n\t\t\t\t\t<div class=\"cta-content animate-text loaded-text\" style=\"padding: 60px 60px\">\n\t\t\t\t\t\t<div class=\"content\"><\/div><\/div><\/div><\/div><\/p>\n<p class=\"reda-header-top\" style=\"margin-bottom: 5px;\"><span style=\"color: #ab6c2d;\">T\u1ea6NG TR\u1ec6T<\/span><\/p>\n<h2><span style=\"color: #ab6c2d;\">Qu\u00e1n Cafe<\/span><\/h2><p>Nh\u00e0 h\u00e0ng ph\u1ee5c v\u1ee5 \u0103n u\u1ed1ng b\u00ecnh d\u00e2n sang tr\u1ecdng m\u1edf c\u1eeda c\u1ea3 ng\u00e0y nh\u00ecn ra h\u1ed3 b\u01a1i ngo\u00e0i tr\u1eddi v\u00e0 b\u1edd h\u1ed3 r\u1ed9ng l\u1edbn, cung c\u1ea5p c\u00e1c m\u00f3n \u0103n n\u1ed5i ti\u1ebfng c\u1ee7a ch\u00e2u \u00c1 v\u00e0 ph\u01b0\u01a1ng T\u00e2y, h\u1ea5p d\u1eabn m\u1ecdi kh\u1ea9u v\u1ecb v\u00e0 s\u1edf th\u00edch.<\/p>\n<p>Xem c\u00e1c m\u00f3n \u0103n \u0111\u1eb7c tr\u01b0ng c\u1ee7a nh\u00e0 h\u00e0ng v\u00e0 ch\u01b0\u01a1ng tr\u00ecnh khuy\u1ebfn m\u00e3i d\u00e0nh cho ng\u01b0\u1eddi s\u00e0nh \u0103n trong th\u00e1ng! Qu\u00fd kh\u00e1ch c\u00f3 m\u1ed9t b\u1eefa \u0103n th\u1ecfa th\u00edch khi \u0111\u01b0\u1ee3c ng\u1eafm c\u1ea3nh \u0111\u1eb9p tr\u01b0\u1edbc m\u1eaft.<\/p>\n<p>Ti\u1ec7c Buffet BBQ H\u1ea3i s\u1ea3n t\u1ed1i th\u1ee9 7 l\u00e0 m\u00f3n \u0111\u01b0\u1ee3c nhi\u1ec1u th\u00e0nh vi\u00ean v\u00e0 kh\u00e1ch l\u01b0u tr\u00fa y\u00eau th\u00edch.<\/p>\n\n\t\t\t\t\t\t\n\t\t\t\t\t\n\t\t\t\t\n\n\t\t<style scoped>\n\t\t\t.id_169e1e984be1e5712847947.element-cta h1, .id_169e1e984be1e5712847947.element-cta h2, .id_169e1e984be1e5712847947.element-cta h3, .id_169e1e984be1e5712847947.element-cta h4, .id_169e1e984be1e5712847947.element-cta h5, .id_169e1e984be1e5712847947.element-cta h6 { color: #ffffff; }\n\t\t\t.id_169e1e984be1e5712847947.element-cta p, .id_169e1e984be1e5712847947.element-cta li { color: #ffffff; }\n\t\t\t.id_169e1e984be1e5712847947.element-cta.page-bg-color { background-color: #1d2035; }\n\t\t\t.id_169e1e984be1e5712847947.element-cta .reda-header-top { color: ; }\n\t\t\t.id_169e1e984be1e5712847947.element-cta .btn-solid.btn-accent, .id_169e1e984be1e5712847947 .btn-border.btn-accent:hover { background: ; }\n\t\t\t.id_169e1e984be1e5712847947.element-cta .btn-accent { border-color: ; }\n\t\t\t.id_169e1e984be1e5712847947.element-cta .btn-border.btn-accent .btn-text { color: ; }\n\t\t\t.id_169e1e984be1e5712847947.element-cta .btn-border.btn-accent:hover .btn-text { color: #1d2035; } \n\t\t\t<\/style>[vc_empty_space height=&#8221;120px&#8221; height2=&#8221;0&#8243;][\/vc_column][\/vc_row][vc_row full_width=&#8221;stretch_row_content_no_spaces&#8221; gap=&#8221;yes&#8221; equal_height=&#8221;yes&#8221; content_placement=&#8221;middle&#8221; parallax=&#8221;content-moving&#8221; parallax_image=&#8221;1330&#8243; el_class=&#8221;reset-padding re-order&#8221;][vc_column width=&#8221;2\/3&#8243; css=&#8221;.vc_custom_1537530922418{background-image: url(https:\/\/haanresort.com\/wp-content\/uploads\/2017\/04\/HC-11-1089.jpg?id=1660) !important;background-position: center !important;background-repeat: no-repeat !important;background-size: cover !important;}&#8221;][vc_empty_space height=&#8221;0&#8243; height2=&#8221;200px&#8221;][\/vc_column][vc_column width=&#8221;1\/3&#8243; css=&#8221;.vc_custom_1496150884906{background-color: #181a2d !important;}&#8221;][vc_empty_space height=&#8221;120px&#8221; height2=&#8221;0&#8243;]<div class=\" vc_custom_1600857236251 call-to-action cta-sm\"><div class=\"page-bg-color id_169e1e984be5431931821684 element-cta \" style=\"background: #1d2035\">\n\t\t\t\t\t<div class=\"cta-content animate-text loaded-text\" style=\"padding: 60px 60px\">\n\t\t\t\t\t\t<div class=\"content\">\n<p class=\"reda-header-top\" style=\"margin-bottom: 5px;\"><span style=\"color: #ab6c2d;\">T\u1ea7ng tr\u1ec7t<\/span><\/p>\n<h2><span style=\"color: #ab6c2d;\">Qu\u1ea7y Bar<\/span><\/h2><p>N\u1eb1m tr\u00ean s\u00e2n th\u01b0\u1ee3ng b\u00ean h\u1ed3 b\u01a1i, nh\u00ecn ra H\u1ed3 T\u00e2y! Ch\u1ec9 c\u1ea7n ng\u1ed3i l\u1ea1i v\u00e0 th\u01b0 gi\u00e3n v\u1edbi ly cocktail, r\u01b0\u1ee3u ho\u1eb7c bia y\u00eau th\u00edch c\u1ee7a b\u1ea1n. H\u00e3y t\u1ef1 m\u00ecnh d\u1ea1o b\u01b0\u1edbc v\u1edbi nh\u1eefng th\u1eafng c\u1ea3nh ngo\u1ea1n m\u1ee5c v\u00e0 \u00e2m thanh c\u1ee7a c\u00e1c ho\u1ea1t \u0111\u1ed9ng gi\u1ea3i tr\u00ed xung quanh.<\/p>\n<\/div>\n\t\t\t\t\t\t\n\t\t\t\t\t<\/div>\n\t\t\t\t<\/div><\/div>\n\n\t\t<style scoped>\n\t\t\t.id_169e1e984be5431931821684.element-cta h1, .id_169e1e984be5431931821684.element-cta h2, .id_169e1e984be5431931821684.element-cta h3, .id_169e1e984be5431931821684.element-cta h4, .id_169e1e984be5431931821684.element-cta h5, .id_169e1e984be5431931821684.element-cta h6 { color: #ffffff; }\n\t\t\t.id_169e1e984be5431931821684.element-cta p, .id_169e1e984be5431931821684.element-cta li { color: #ffffff; }\n\t\t\t.id_169e1e984be5431931821684.element-cta.page-bg-color { background-color: #1d2035; }\n\t\t\t.id_169e1e984be5431931821684.element-cta .reda-header-top { color: ; }\n\t\t\t.id_169e1e984be5431931821684.element-cta .btn-solid.btn-accent, .id_169e1e984be5431931821684 .btn-border.btn-accent:hover { background: ; }\n\t\t\t.id_169e1e984be5431931821684.element-cta .btn-accent { border-color: ; }\n\t\t\t.id_169e1e984be5431931821684.element-cta .btn-border.btn-accent .btn-text { color: ; }\n\t\t\t.id_169e1e984be5431931821684.element-cta .btn-border.btn-accent:hover .btn-text { color: #1d2035; } \n\t\t\t<\/style>[vc_empty_space height=&#8221;120px&#8221; height2=&#8221;0&#8243;][\/vc_column][\/vc_row][vc_row full_width=&#8221;stretch_row_content_no_spaces&#8221; gap=&#8221;yes&#8221; equal_height=&#8221;yes&#8221; content_placement=&#8221;middle&#8221; parallax=&#8221;content-moving&#8221; parallax_image=&#8221;1349&#8243; css=&#8221;.vc_custom_1496150376148{margin-top: 0px !important;margin-bottom: 0px !important;padding-top: 0px !important;padding-bottom: 0px !important;}&#8221; el_class=&#8221;reset-padding&#8221;][vc_column width=&#8221;2\/3&#8243; css=&#8221;.vc_custom_1537531392213{background-image: url(https:\/\/haanresort.com\/wp-content\/uploads\/2018\/08\/cafe.jpg?id=1535) !important;background-position: center !important;background-repeat: no-repeat !important;background-size: cover !important;}&#8221;][vc_empty_space height=&#8221;0&#8243; height2=&#8221;200px&#8221;][\/vc_column][vc_column width=&#8221;1\/3&#8243; css=&#8221;.vc_custom_1496150893522{background-color: #181a2d !important;}&#8221;][vc_empty_space height=&#8221;120px&#8221; height2=&#8221;0&#8243;]<div class=\" vc_custom_1600857278744 call-to-action cta-sm\"><div class=\"page-bg-color id_169e1e984be5c2986780983 element-cta \" style=\"background: #1d2035\">\n\t\t\t\t\t<div class=\"cta-content animate-text loaded-text\" style=\"padding: 60px 60px\">\n\t\t\t\t\t\t<div class=\"content\">\n<p class=\"reda-header-top\" style=\"margin-bottom: 5px;\"><span style=\"color: #ab6c2d;\">T\u1ea7ng tr\u1ec7t<\/span><\/p>\n<h2><span style=\"color: #ab6c2d;\">Nh\u00e0 h\u00e0ng<\/span><\/h2><p>N\u1ed5i ti\u1ebfng v\u1edbi c\u00e1c lo\u1ea1i b\u00e1nh ng\u1ecdt t\u1ef1 l\u00e0m, b\u00e1nh ng\u1ecdt, b\u00e1nh b\u00f4ng lan v\u1edbi nguy\u00ean li\u1ec7u \u0111\u01b0\u1ee3c l\u00e0m t\u1eeb ch\u1ea5t l\u01b0\u1ee3ng t\u1ed1t nh\u1ea5t v\u00e0 gi\u00e1 c\u1ea3 h\u1ee3p l\u00fd cho m\u1ecdi ng\u01b0\u1eddi th\u01b0\u1edfng th\u1ee9c.<\/p>\n<p>B\u00e1nh sinh nh\u1eadt l\u00e0m theo y\u00eau c\u1ea7u cho \u0111\u1ebfn b\u00e1nh c\u01b0\u1edbi nhi\u1ec1u t\u1ea7ng trang nh\u00e3 c\u0169ng l\u00e0 \u0111\u1eb7c s\u1ea3n c\u1ee7a Crumbs Deli. Ch\u00fang t\u00f4i c\u00f3 t\u1ea5t c\u1ea3 nh\u1eefng \u0111i\u1ec1u n\u00e0y cho t\u1ea5t c\u1ea3 c\u00e1c d\u1ecbp m\u00e0 b\u1ea1n mu\u1ed1n \u0103n m\u1eebng.<br \/>\nH\u00e3y \u0111\u1ebfn sau 7 gi\u1edd t\u1ed1i v\u00e0 b\u1ea1n c\u00f3 th\u1ec3 \u0111\u01b0\u1ee3c gi\u1ea3m m\u1ed9t n\u1eeda gi\u00e1!<\/p>\n<\/div>\n\t\t\t\t\t\t\n\t\t\t\t\t<\/div>\n\t\t\t\t<\/div><\/div>\n\n\t\t<style scoped>\n\t\t\t.id_169e1e984be5c2986780983.element-cta h1, .id_169e1e984be5c2986780983.element-cta h2, .id_169e1e984be5c2986780983.element-cta h3, .id_169e1e984be5c2986780983.element-cta h4, .id_169e1e984be5c2986780983.element-cta h5, .id_169e1e984be5c2986780983.element-cta h6 { color: #ffffff; }\n\t\t\t.id_169e1e984be5c2986780983.element-cta p, .id_169e1e984be5c2986780983.element-cta li { color: #ffffff; }\n\t\t\t.id_169e1e984be5c2986780983.element-cta.page-bg-color { background-color: #1d2035; }\n\t\t\t.id_169e1e984be5c2986780983.element-cta .reda-header-top { color: ; }\n\t\t\t.id_169e1e984be5c2986780983.element-cta .btn-solid.btn-accent, .id_169e1e984be5c2986780983 .btn-border.btn-accent:hover { background: ; }\n\t\t\t.id_169e1e984be5c2986780983.element-cta .btn-accent { border-color: ; }\n\t\t\t.id_169e1e984be5c2986780983.element-cta .btn-border.btn-accent .btn-text { color: ; }\n\t\t\t.id_169e1e984be5c2986780983.element-cta .btn-border.btn-accent:hover .btn-text { color: #1d2035; } \n\t\t\t<\/style>[vc_empty_space height=&#8221;120px&#8221; height2=&#8221;0&#8243;][\/vc_column][\/vc_row]\n","protected":false},"excerpt":{"rendered":"<p>[vc_row full_width=&#8221;stretch_row&#8221; equal_height=&#8221;yes&#8221; content_placement=&#8221;top&#8221; css=&#8221;.vc_custom_1541064926482{padding-top: 120px !important;}&#8221; el_class=&#8221;paddingMb-title&#8221;][vc_column][vc_empty_space height=&#8221;0&#8243; height2=&#8221;50px&#8221;][vc_row_inner][vc_column_inner width=&#8221;1\/2&#8243;][\/vc_column_inner][vc_column_inner width=&#8221;1\/2&#8243;][vc_empty_space height=&#8221;15px&#8221;][vc_column_text css=&#8221;.vc_custom_1600857361732{margin-top: 0px !important;margin-left: 60px !important;}&#8221;]Ch\u00fang t\u00f4i cung c\u1ea5p nhi\u1ec1u lo\u1ea1i th\u00e0nh vi\u00ean cho c\u1ea3 ng\u01b0\u1eddi n\u01b0\u1edbc ngo\u00e0i v\u00e0 ng\u01b0\u1eddi d\u00e2n \u0111\u1ecba ph\u01b0\u01a1ng. \u0110\u1ec3 bi\u1ebft th\u00eam chi ti\u1ebft, vui l\u00f2ng li\u00ean h\u1ec7 v\u1edbi b\u1ed9 ph\u1eadn th\u00e0nh vi\u00ean c\u1ee7a ch\u00fang t\u00f4i t\u1ea1i: Email:\u00a0info@daian.com Tel: [&hellip;]<\/p>\n","protected":false},"author":6,"featured_media":0,"parent":0,"menu_order":0,"comment_status":"closed","ping_status":"closed","template":"","meta":[],"_links":{"self":[{"href":"https:\/\/haanresort.com\/en\/wp-json\/wp\/v2\/pages\/5159"}],"collection":[{"href":"https:\/\/haanresort.com\/en\/wp-json\/wp\/v2\/pages"}],"about":[{"href":"https:\/\/haanresort.com\/en\/wp-json\/wp\/v2\/types\/page"}],"author":[{"embeddable":true,"href":"https:\/\/haanresort.com\/en\/wp-json\/wp\/v2\/users\/6"}],"replies":[{"embeddable":true,"href":"https:\/\/haanresort.com\/en\/wp-json\/wp\/v2\/comments?post=5159"}],"version-history":[{"count":1,"href":"https:\/\/haanresort.com\/en\/wp-json\/wp\/v2\/pages\/5159\/revisions"}],"predecessor-version":[{"id":5202,"href":"https:\/\/haanresort.com\/en\/wp-json\/wp\/v2\/pages\/5159\/revisions\/5202"}],"wp:attachment":[{"href":"https:\/\/haanresort.com\/en\/wp-json\/wp\/v2\/media?parent=5159"}],"curies":[{"name":"wp","href":"https:\/\/api.w.org\/{rel}","templated":true}]}}