{"id":5158,"date":"2021-01-23T04:24:00","date_gmt":"2021-01-23T04:24:00","guid":{"rendered":"https:\/\/haanresort.com\/bamboo-room\/"},"modified":"2022-03-04T16:59:52","modified_gmt":"2022-03-04T09:59:52","slug":"bamboo-room","status":"publish","type":"page","link":"https:\/\/haanresort.com\/en\/bamboo-room\/","title":{"rendered":"Bamboo Room"},"content":{"rendered":"<p>[vc_row full_width=&#8221;stretch_row_content_no_spaces&#8221; gap=&#8221;yes&#8221; equal_height=&#8221;yes&#8221; content_placement=&#8221;middle&#8221; parallax=&#8221;content-moving&#8221; parallax_image=&#8221;3876&#8243; el_class=&#8221;reset-padding resetbk-image&#8221; css=&#8221;.vc_custom_1620287039057{margin-top: 0px !important;margin-bottom: 0px !important;padding-top: 0px !important;padding-bottom: 0px !important;background-image: url(https:\/\/haanresort.com\/wp-content\/uploads\/2021\/04\/haan-2_edit_34856078654575.jpg?id=4785) !important;background-position: center;background-repeat: no-repeat !important;background-size: cover !important;}&#8221;][vc_column width=&#8221;2\/3&#8243;][\/vc_column][vc_column width=&#8221;1\/3&#8243; el_class=&#8221;tien-ich&#8221;][vc_empty_space height=&#8221;100px&#8221; height2=&#8221;400px&#8221; el_class=&#8221;heightSingle&#8221;]<div class=\" vc_custom_1614304328369 call-to-action cta-sm\"><div class=\"page-bg-color id_169e2b1c25a26d826346295 element-cta \" style=\"background: #ab6c2d\">\n\t\t\t\t\t<div class=\"cta-content animate-text loaded-text\" style=\"padding: 60px 60px\">\n\t\t\t\t\t\t<div class=\"content\"><\/div><\/div><\/div><\/div><\/p>\n<h2>Bamboo Room<\/h2><ul>\n<li>Ph\u00f2ng nh\u00ecn ra s\u00e2n ch\u00ednh, nh\u00e0 h\u00e0ng c\u1ee7a Resort.<\/li>\n<\/ul>\n<hr \/>\n<ul>\n<li>Ph\u00f2ng sang tr\u1ecdng, th\u00edch h\u1ee3p cho \u0111\u1ea1i gia \u0111\u00ecnh v\u00e0 nh\u00f3m \u0111\u00f4ng ng\u01b0\u1eddi,\u00a0 \u0111\u1ea7y \u0111\u1ee7 ti\u1ec7n \u00edch sinh ho\u1ea1t t\u1ef1 ph\u1ee5c v\u1ee5.<\/li>\n<\/ul>\n<hr \/>\n<ul>\n<li><span style=\"font-size: 16px;\">3 Gi\u01b0\u1eddng c\u1ee1 l\u1edbn 1m8 x 2m.<br \/>\n<\/span><\/li>\n<\/ul>\n<hr \/>\n<ul>\n<li>T\u1ed1i \u0111a 6 ng\u01b0\u1eddi l\u1edbn v\u00e0 2 tr\u1ebb em d\u01b0\u1edbi 12 tu\u1ed5i.<\/li>\n<\/ul>\n<hr \/>\n<ul>\n<li>N\u1ed9i th\u1ea5t g\u1ed7 ki\u1ec3u c\u1ed5.<\/li>\n<\/ul>\n<hr \/>\n<ul>\n<li><span style=\"font-size: 16px;\">Ph\u00f2ng t\u1eafm c\u00f3 b\u1ed3n v\u1edbi v\u00f2i sen cao c\u1ea5p v\u00e0 TV m\u00e0n h\u00ecnh ph\u1eb3ng.<br \/>\n<\/span><\/li>\n<\/ul>\n<hr \/>\n<ul>\n<li><span style=\"font-size: 16px;\"><span style=\"font-size: 16px;\">Ph\u00f2ng c\u00f3 di\u1ec7n t\u00edch 100m2.<\/span><\/span><\/li>\n<\/ul>\n<hr \/>\n<ul>\n<li>Gi\u00e1 ni\u00eam y\u1ebft cho ph\u00f2ng Bamboo l\u00e0 6.500.000 \/ ng\u00e0y.<\/li>\n<\/ul>\n<hr \/>\n<ul>\n<li>Gi\u00e1 \u0111\u00e3 bao g\u1ed3m b\u1eefa s\u00e1ng.<\/li>\n<\/ul>\n<p>\n\n\t\t\t\t\t\t<div class=\"text-left animate-text \" style=\"margin-bottom: 0;\"><a href=\"https:\/\/haanresort.com\/contact\/\" target='_blank' class=\"btn btn-single btn-md btn-border btn-light  \">\n\t\t\t\t\t<span class=\"btn-text \">Li\u00ean h\u1ec7<\/span>\n\t\t\t\t<\/a><\/div>\n\t\t\t\t\t\n\t\t\t\t\n\n\t\t<style scoped>\n\t\t\t.id_169e2b1c25a26d826346295.element-cta h1, .id_169e2b1c25a26d826346295.element-cta h2, .id_169e2b1c25a26d826346295.element-cta h3, .id_169e2b1c25a26d826346295.element-cta h4, .id_169e2b1c25a26d826346295.element-cta h5, .id_169e2b1c25a26d826346295.element-cta h6 { color: #ffffff; }\n\t\t\t.id_169e2b1c25a26d826346295.element-cta p, .id_169e2b1c25a26d826346295.element-cta li { color: #ffffff; }\n\t\t\t.id_169e2b1c25a26d826346295.element-cta.page-bg-color { background-color: #ab6c2d; }\n\t\t\t.id_169e2b1c25a26d826346295.element-cta .reda-header-top { color: ; }\n\t\t\t.id_169e2b1c25a26d826346295.element-cta .btn-solid.btn-accent, .id_169e2b1c25a26d826346295 .btn-border.btn-accent:hover { background: ; }\n\t\t\t.id_169e2b1c25a26d826346295.element-cta .btn-accent { border-color: ; }\n\t\t\t.id_169e2b1c25a26d826346295.element-cta .btn-border.btn-accent .btn-text { color: ; }\n\t\t\t.id_169e2b1c25a26d826346295.element-cta .btn-border.btn-accent:hover .btn-text { color: #ab6c2d; } \n\t\t\t<\/style>[vc_empty_space height=&#8221;100px&#8221; height2=&#8221;0&#8243;][\/vc_column][\/vc_row][vc_row full_width=&#8221;stretch_row&#8221; equal_height=&#8221;yes&#8221; content_placement=&#8221;top&#8221; css=&#8221;.vc_custom_1541061201463{padding-top: 30px !important;}&#8221; el_class=&#8221;paddingMobile&#8221;][vc_column][vc_row_inner][vc_column_inner css=&#8221;.vc_custom_1538117998626{margin-right: 30px !important;}&#8221;]<div class=\"text-left reda-page-header id_169e2b1c25a5621051253467 animate-text   vc_custom_1611375812520\"><div class=\"reda-header  header-color\" style=\"color: #ab6c2d;\"><\/div><\/div><\/p>\n<h1><span style=\"font-size: 80px;\">Bamboo Room<\/span><\/h1>\n<p><style scoped> .reda-page-header.id_169e2b1c25a5621051253467 .header-underline:after { background-color: #ab6c2d; }<\/style>[vc_column_text css=&#8221;.vc_custom_1614303719139{margin-top: 0px !important;}&#8221;]Bamboo Room d\u00e0nh cho gia \u0111\u00ecnh v\u00e0 nh\u00f3m b\u1ea1n v\u1edbi \u0111\u1ea7y \u0111\u1ee7 ti\u1ec7n \u00edch t\u1ef1 ph\u1ee5c v\u1ee5 sinh ho\u1ea1t.Truy c\u1eadp Internet kh\u00f4ng d\u00e2y mi\u1ec5n ph\u00ed gi\u00fap b\u1ea1n lu\u00f4n k\u1ebft n\u1ed1i, \u0111\u1ed3ng th\u1eddi TV LCD 42 inch \u0111\u01b0\u1ee3c cung c\u1ea5p \u0111\u1ec3 b\u1ea1n gi\u1ea3i tr\u00ed. T\u1ee7 l\u1ea1nh l\u1edbn v\u00e0 b\u1ebfp c\u00f9ng d\u1ee5ng c\u1ee5 n\u1ea5u n\u01b0\u1edbng trong ph\u00f2ng.<\/p>\n<p>Ph\u00f2ng t\u1eafm c\u00f3 b\u1ed3n k\u1ebft h\u1ee3p v\u1edbi v\u00f2i sen cao c\u1ea5p, \u00e1o cho\u00e0ng t\u1eafm v\u00e0 d\u00e9p \u0111i trong nh\u00e0, \u0111i\u1ec1u h\u00f2a nhi\u1ec7t \u0111\u1ed9, k\u00e9t an to\u00e0n, m\u00e1y s\u1ea5y t\u00f3c, n\u01b0\u1edbc \u0111\u00f3ng chai mi\u1ec5n ph\u00ed v\u00e0 khu ti\u1ebfp kh\u00e1ch ri\u00eang bi\u1ec7t l\u00e0 nh\u1eefng ti\u1ec7n nghi, d\u1ecbch v\u1ee5 \u0111\u01b0\u1ee3c cung c\u1ea5p. Ph\u00f2ng n\u00e0y C\u1ea5m h\u00fat thu\u1ed1c.[\/vc_column_text][vc_empty_space height=&#8221;30px&#8221; height2=&#8221;0&#8243;][\/vc_column_inner][\/vc_row_inner][\/vc_column][\/vc_row][vc_row equal_height=&#8221;yes&#8221; css=&#8221;.vc_custom_1541058974582{margin-top: 0px !important;}&#8221; el_class=&#8221;paddingMobile&#8221;][vc_column width=&#8221;1\/4&#8243; css=&#8221;.vc_custom_1538122654891{border-right-width: 1px !important;padding-right: 10px !important;border-right-color: #e2e2e2 !important;border-right-style: solid !important;}&#8221;]<div class=\"aio-icon-component    style_1\"><div id=\"Info-box-wrap-2380\" class=\"aio-icon-box default-icon\" style=\"\"><div class=\"aio-icon-default\"><div class=\"ult-just-icon-wrapper  \"><div class=\"align-icon\" style=\"text-align:center;\">\n<div class=\"aio-icon-img \" style=\"font-size:40px;display:inline-block;\">\n\t<img class=\"img-icon\" alt=\"null\" src=\"https:\/\/haanresort.com\/wp-content\/uploads\/2018\/09\/Media-Entertainment.png\"\/>\n<\/div><\/div><\/div><\/div><div class=\"aio-icon-header\"><h3 class=\"aio-icon-title ult-responsive\"  data-ultimate-target='#Info-box-wrap-2380 .aio-icon-title'  data-responsive-json-new='{\"font-size\":\"desktop:20px;\",\"line-height\":\"\"}'  style=\"\">Truy\u1ec1n th\u00f4ng &amp; Gi\u1ea3i tr\u00ed<\/h3><\/div> <!-- header --><\/div> <!-- aio-icon-box --><\/div> <!-- aio-icon-component -->[vc_column_text]<\/p>\n<ul>\n<li><span style=\"font-size: 14px;\">Truy c\u1eadp Internet b\u0103ng th\u00f4ng r\u1ed9ng v\u00e0 WiFi mi\u1ec5n ph\u00ed<\/span><\/li>\n<li><span style=\"font-size: 14px;\">Truy\u1ec1n h\u00ecnh v\u1ec7 tinh \/ c\u00e1p<br \/>\n<\/span><\/li>\n<li><span style=\"font-size: 14px;\">C\u00e1c k\u00eanh phim trong nh\u00e0<br \/>\n<\/span><\/li>\n<\/ul>\n<p>[\/vc_column_text][\/vc_column][vc_column width=&#8221;1\/4&#8243; css=&#8221;.vc_custom_1538122661773{border-right-width: 1px !important;padding-right: 25px !important;padding-left: 10px !important;border-right-color: #e2e2e2 !important;border-right-style: solid !important;}&#8221;]<div class=\"aio-icon-component    style_1\"><div id=\"Info-box-wrap-5268\" class=\"aio-icon-box default-icon\" style=\"\"><div class=\"aio-icon-default\"><div class=\"ult-just-icon-wrapper  \"><div class=\"align-icon\" style=\"text-align:center;\">\n<div class=\"aio-icon-img \" style=\"font-size:40px;display:inline-block;\">\n\t<img class=\"img-icon\" alt=\"null\" src=\"https:\/\/haanresort.com\/wp-content\/uploads\/2018\/09\/Office-Equipment-ico.png\"\/>\n<\/div><\/div><\/div><\/div><div class=\"aio-icon-header\"><h3 class=\"aio-icon-title ult-responsive\"  data-ultimate-target='#Info-box-wrap-5268 .aio-icon-title'  data-responsive-json-new='{\"font-size\":\"desktop:20px;\",\"line-height\":\"\"}'  style=\"\">Thi\u1ebft b\u1ecb V\u0103n ph\u00f2ng &amp; V\u0103n ph\u00f2ng ph\u1ea9m<\/h3><\/div> <!-- header --><\/div> <!-- aio-icon-box --><\/div> <!-- aio-icon-component -->[vc_column_text]<\/p>\n<ul>\n<li><span style=\"font-size: 14px;\">\u0110i\u1ec7n tho\u1ea1i quay s\u1ed1 tr\u1ef1c ti\u1ebfp qu\u1ed1c t\u1ebf<\/span><span style=\"font-size: 14px;\"><br \/>\n<\/span><\/li>\n<li><span style=\"font-size: 14px;\">K\u00e9t s\u1eaft \u0111i\u1ec7n t\u1eed<br \/>\n<\/span><\/li>\n<li><span style=\"font-size: 14px;\">\u0110i\u1ec1u khi\u1ec3n \u00e1nh s\u00e1ng \u0111\u1ea7u gi\u01b0\u1eddng<\/span><\/li>\n<\/ul>\n<p>[\/vc_column_text][\/vc_column][vc_column width=&#8221;1\/4&#8243; css=&#8221;.vc_custom_1538122668729{border-right-width: 1px !important;padding-right: 25px !important;padding-left: 10px !important;border-right-color: #e2e2e2 !important;border-right-style: solid !important;}&#8221;]<div class=\"aio-icon-component    style_1\"><div id=\"Info-box-wrap-4735\" class=\"aio-icon-box default-icon\" style=\"\"><div class=\"aio-icon-default\"><div class=\"ult-just-icon-wrapper  \"><div class=\"align-icon\" style=\"text-align:center;\">\n<div class=\"aio-icon-img \" style=\"font-size:40px;display:inline-block;\">\n\t<img class=\"img-icon\" alt=\"null\" src=\"https:\/\/haanresort.com\/wp-content\/uploads\/2018\/09\/Bath-Personal-Care.png\"\/>\n<\/div><\/div><\/div><\/div><div class=\"aio-icon-header\"><h3 class=\"aio-icon-title ult-responsive\"  data-ultimate-target='#Info-box-wrap-4735 .aio-icon-title'  data-responsive-json-new='{\"font-size\":\"desktop:20px;\",\"line-height\":\"\"}'  style=\"\">T\u1eafm &amp; Ch\u0103m s\u00f3c C\u00e1 nh\u00e2n<\/h3><\/div> <!-- header --><\/div> <!-- aio-icon-box --><\/div> <!-- aio-icon-component -->[vc_column_text]<\/p>\n<ul>\n<li><span style=\"font-size: 14px;\">Ph\u00f2ng t\u1eafm c\u00f3 b\u1ed3n v\u1edbi v\u00f2i sen<\/span><\/li>\n<li><span style=\"font-size: 14px;\">\u0110\u1ed3 v\u1ec7 sinh c\u00e1 nh\u00e2n cao c\u1ea5p<\/span><\/li>\n<li><span style=\"font-size: 14px;\">Tivi m\u00e0n h\u00ecnh ph\u1eb3ng<\/span><\/li>\n<li><span style=\"font-size: 14px;\">M\u00e1y s\u1ea5y t\u00f3c<\/span><\/li>\n<li><span style=\"font-size: 14px;\">Ch\u0103n l\u00f4ng v\u0169 v\u00e0 g\u1ed1i<br \/>\n<\/span><\/li>\n<\/ul>\n<p>[\/vc_column_text][\/vc_column][vc_column width=&#8221;1\/4&#8243; css=&#8221;.vc_custom_1538122675069{padding-left: 10px !important;}&#8221;]<div class=\"aio-icon-component    style_1\"><div id=\"Info-box-wrap-9322\" class=\"aio-icon-box default-icon\" style=\"\"><div class=\"aio-icon-default\"><div class=\"ult-just-icon-wrapper  \"><div class=\"align-icon\" style=\"text-align:center;\">\n<div class=\"aio-icon-img \" style=\"font-size:40px;display:inline-block;\">\n\t<img class=\"img-icon\" alt=\"null\" src=\"https:\/\/haanresort.com\/wp-content\/uploads\/2018\/09\/Refreshments.png\"\/>\n<\/div><\/div><\/div><\/div><div class=\"aio-icon-header\"><h3 class=\"aio-icon-title ult-responsive\"  data-ultimate-target='#Info-box-wrap-9322 .aio-icon-title'  data-responsive-json-new='{\"font-size\":\"desktop:20px;\",\"line-height\":\"\"}'  style=\"\">Gi\u1ea3i kh\u00e1t<\/h3><\/div> <!-- header --><\/div> <!-- aio-icon-box --><\/div> <!-- aio-icon-component -->[vc_column_text]<\/p>\n<ul>\n<li><span style=\"font-size: 14px;\">Qu\u1ea7y Bar mini<\/span><\/li>\n<li><span style=\"font-size: 14px;\">T\u1ee7 l\u1ea1nh gia \u0111\u00ecnh<\/span><\/li>\n<li><span style=\"font-size: 14px;\">B\u1ebfp n\u1ea5u<\/span><\/li>\n<li><span style=\"font-size: 14px;\">M\u00e1y gi\u1eb7t<\/span><\/li>\n<li><span style=\"font-size: 14px;\">Qu\u1ea7y pha ch\u1ebf<\/span><\/li>\n<\/ul>\n<p>[\/vc_column_text][\/vc_column][\/vc_row]<\/p>\n","protected":false},"excerpt":{"rendered":"<p>[vc_row full_width=&#8221;stretch_row_content_no_spaces&#8221; gap=&#8221;yes&#8221; equal_height=&#8221;yes&#8221; content_placement=&#8221;middle&#8221; parallax=&#8221;content-moving&#8221; parallax_image=&#8221;3876&#8243; el_class=&#8221;reset-padding resetbk-image&#8221; css=&#8221;.vc_custom_1620287039057{margin-top: 0px !important;margin-bottom: 0px !important;padding-top: 0px !important;padding-bottom: 0px !important;background-image: url(https:\/\/haanresort.com\/wp-content\/uploads\/2021\/04\/haan-2_edit_34856078654575.jpg?id=4785) !important;background-position: center;background-repeat: no-repeat !important;background-size: cover !important;}&#8221;][vc_column width=&#8221;2\/3&#8243;][\/vc_column][vc_column width=&#8221;1\/3&#8243; el_class=&#8221;tien-ich&#8221;][vc_empty_space height=&#8221;100px&#8221; height2=&#8221;400px&#8221; el_class=&#8221;heightSingle&#8221;][vc_empty_space height=&#8221;100px&#8221; height2=&#8221;0&#8243;][\/vc_column][\/vc_row][vc_row full_width=&#8221;stretch_row&#8221; equal_height=&#8221;yes&#8221; content_placement=&#8221;top&#8221; css=&#8221;.vc_custom_1541061201463{padding-top: 30px !important;}&#8221; el_class=&#8221;paddingMobile&#8221;][vc_column][vc_row_inner][vc_column_inner css=&#8221;.vc_custom_1538117998626{margin-right: 30px !important;}&#8221;][vc_column_text css=&#8221;.vc_custom_1614303719139{margin-top: 0px !important;}&#8221;]Bamboo Room d\u00e0nh cho gia \u0111\u00ecnh v\u00e0 nh\u00f3m b\u1ea1n v\u1edbi [&hellip;]<\/p>\n","protected":false},"author":7,"featured_media":0,"parent":0,"menu_order":0,"comment_status":"closed","ping_status":"closed","template":"","meta":[],"_links":{"self":[{"href":"https:\/\/haanresort.com\/en\/wp-json\/wp\/v2\/pages\/5158"}],"collection":[{"href":"https:\/\/haanresort.com\/en\/wp-json\/wp\/v2\/pages"}],"about":[{"href":"https:\/\/haanresort.com\/en\/wp-json\/wp\/v2\/types\/page"}],"author":[{"embeddable":true,"href":"https:\/\/haanresort.com\/en\/wp-json\/wp\/v2\/users\/7"}],"replies":[{"embeddable":true,"href":"https:\/\/haanresort.com\/en\/wp-json\/wp\/v2\/comments?post=5158"}],"version-history":[{"count":1,"href":"https:\/\/haanresort.com\/en\/wp-json\/wp\/v2\/pages\/5158\/revisions"}],"predecessor-version":[{"id":5201,"href":"https:\/\/haanresort.com\/en\/wp-json\/wp\/v2\/pages\/5158\/revisions\/5201"}],"wp:attachment":[{"href":"https:\/\/haanresort.com\/en\/wp-json\/wp\/v2\/media?parent=5158"}],"curies":[{"name":"wp","href":"https:\/\/api.w.org\/{rel}","templated":true}]}}