{"id":5156,"date":"2021-02-24T17:53:57","date_gmt":"2021-02-24T10:53:57","guid":{"rendered":"https:\/\/haanresort.com\/golf-club\/"},"modified":"2022-03-04T16:59:51","modified_gmt":"2022-03-04T09:59:51","slug":"golf-club","status":"publish","type":"page","link":"https:\/\/haanresort.com\/en\/golf-club\/","title":{"rendered":"Golf Club"},"content":{"rendered":"<p>[vc_row full_width=&#8221;stretch_row_content_no_spaces&#8221; gap=&#8221;yes&#8221; equal_height=&#8221;yes&#8221; content_placement=&#8221;middle&#8221; parallax=&#8221;content-moving&#8221; parallax_image=&#8221;4150&#8243; el_class=&#8221;reset-padding resetbk-image&#8221; css=&#8221;.vc_custom_1614216893371{margin-top: 0px !important;margin-bottom: 0px !important;padding-top: 0px !important;padding-bottom: 0px !important;background-position: center;background-repeat: no-repeat !important;background-size: cover !important;}&#8221;][vc_column width=&#8221;2\/3&#8243;][\/vc_column][vc_column width=&#8221;1\/3&#8243; el_class=&#8221;tien-ich&#8221;][vc_empty_space height=&#8221;100px&#8221; height2=&#8221;400px&#8221; el_class=&#8221;heightSingle&#8221;]<div class=\" vc_custom_1614752529361 call-to-action cta-sm\"><div class=\"page-bg-color id_169f31a8cf1e6a643782113 element-cta \" style=\"background: #ab6c2d\">\n\t\t\t\t\t<div class=\"cta-content animate-text loaded-text\" style=\"padding: 60px 60px\">\n\t\t\t\t\t\t<div class=\"content\"><\/div><\/div><\/div><\/div><\/p>\n<h2>HAAN GOLF CLUB<\/h2>\n<ul>\n<li><span style=\"font-size: 16px;\">Green v\u1edbi 2 bunker.<\/span><\/li>\n<\/ul>\n<hr \/>\n<ul>\n<li><span style=\"font-size: 16px;\"><span style=\"font-size: 16px;\">Ph\u00f2ng \u0111\u00e1nh golf 3D c\u1ea3m bi\u1ebfn hi\u1ec7n \u0111\u1ea1i nh\u1ea5t.<\/span><\/span><\/li>\n<\/ul>\n<hr \/>\n<ul>\n<li>Driving Range di\u1ec7n t\u00edch 2000m2.<span style=\"font-size: 16px;\"><br \/>\n<\/span><\/li>\n<\/ul>\n<hr \/>\n<ul>\n<li><span style=\"font-size: 16px;\">S\u00e2n t\u1eadp 6 line \u0111\u00e1nh tr\u00fang m\u1ee5c ti\u00eau.<\/span><\/li>\n<\/ul>\n<p>\n\n\t\t\t\t\t\t<div class=\"text-left animate-text \" style=\"margin-bottom: 0;\"><a href=\"https:\/\/haanresort.com\/contact\/\" target='_blank' class=\"btn btn-single btn-md btn-border btn-light  \">\n\t\t\t\t\t<span class=\"btn-text \">Li\u00ean h\u1ec7<\/span>\n\t\t\t\t<\/a><\/div>\n\t\t\t\t\t\n\t\t\t\t\n\n\t\t<style scoped>\n\t\t\t.id_169f31a8cf1e6a643782113.element-cta h1, .id_169f31a8cf1e6a643782113.element-cta h2, .id_169f31a8cf1e6a643782113.element-cta h3, .id_169f31a8cf1e6a643782113.element-cta h4, .id_169f31a8cf1e6a643782113.element-cta h5, .id_169f31a8cf1e6a643782113.element-cta h6 { color: #ffffff; }\n\t\t\t.id_169f31a8cf1e6a643782113.element-cta p, .id_169f31a8cf1e6a643782113.element-cta li { color: #ffffff; }\n\t\t\t.id_169f31a8cf1e6a643782113.element-cta.page-bg-color { background-color: #ab6c2d; }\n\t\t\t.id_169f31a8cf1e6a643782113.element-cta .reda-header-top { color: ; }\n\t\t\t.id_169f31a8cf1e6a643782113.element-cta .btn-solid.btn-accent, .id_169f31a8cf1e6a643782113 .btn-border.btn-accent:hover { background: ; }\n\t\t\t.id_169f31a8cf1e6a643782113.element-cta .btn-accent { border-color: ; }\n\t\t\t.id_169f31a8cf1e6a643782113.element-cta .btn-border.btn-accent .btn-text { color: ; }\n\t\t\t.id_169f31a8cf1e6a643782113.element-cta .btn-border.btn-accent:hover .btn-text { color: #ab6c2d; } \n\t\t\t<\/style>[vc_empty_space height=&#8221;100px&#8221; height2=&#8221;0&#8243;][\/vc_column][\/vc_row][vc_row full_width=&#8221;stretch_row&#8221; equal_height=&#8221;yes&#8221; content_placement=&#8221;top&#8221; css=&#8221;.vc_custom_1541061201463{padding-top: 30px !important;}&#8221; el_class=&#8221;paddingMobile&#8221;][vc_column][vc_row_inner][vc_column_inner css=&#8221;.vc_custom_1538117998626{margin-right: 30px !important;}&#8221;]<div class=\"text-left reda-page-header id_169f31a8cf26c02090414495 animate-text   vc_custom_1614158314597\"><div class=\"reda-header  header-color\" style=\"color: #ab6c2d;\"><\/div><\/div><\/p>\n<h1><span style=\"font-size: 80px;\">HAAN Golf Club<\/span><\/h1>\n<p><style scoped> .reda-page-header.id_169f31a8cf26c02090414495 .header-underline:after { background-color: #ab6c2d; }<\/style>[vc_column_text css=&#8221;.vc_custom_1614177107162{margin-top: 0px !important;}&#8221;]S\u00e2n t\u1eadp HAAN Golf Club \u0111\u01b0\u1ee3c x\u00e2y d\u1ef1ng tr\u00ean di\u1ec7n t\u00edch 4000 m2 bao quanh b\u1edfi d\u00f2ng su\u1ed1i hi\u1ec1n h\u00f2a th\u01a1 m\u1ed9ng, v\u1edbi s\u00e2n c\u1ecf t\u1ef1 nhi\u00ean \u0111\u01b0\u1ee3c ch\u0103m ch\u00fat k\u1ef9 l\u01b0\u1ee1ng s\u1ebd l\u00e0m h\u00e0i l\u00f2ng du kh\u00e1ch v\u00e0 c\u00e1c golfer \u0111\u1ebfn t\u1eadp luy\u1ec7n n\u01a1i \u0111\u00e2y.<\/p>\n<p>Khu luy\u1ec7n t\u1eadp v\u1edbi \u0111\u1ea7y \u0111\u1ee7 c\u00e1c lo\u1ea1i h\u00ecnh s\u00e2n \u0111\u1ea3m b\u1ea3o \u0111em l\u1ea1i cho m\u1ecdi \u0111\u1ed1i t\u01b0\u1ee3ng t\u1eeb nh\u1eefng ng\u01b0\u1eddi m\u1edbi l\u00e0m quen \u0111\u1ebfn c\u00e1c tay golf l\u00e3o luy\u1ec7n c\u01a1 h\u1ed9i th\u1ecfa s\u1ee9c r\u00e8n luy\u1ec7n c\u00e1c k\u1ef9 n\u0103ng t\u1eeb c\u01a1 b\u1ea3n t\u1edbi n\u00e2ng cao.<\/p><p>[\/vc_column_text][vc_empty_space height=&#8221;30px&#8221; height2=&#8221;0&#8243;][\/vc_column_inner][\/vc_row_inner][\/vc_column][\/vc_row][vc_row parallax_image=&#8221;4611&#8243;][vc_column width=&#8221;1\/2&#8243;][vc_empty_space height=&#8221;400px&#8221; height2=&#8221;400px&#8221;]<div class=\" call-to-action cta-sm\"><div class=\"page-bg-color id_169f31a8cf26fb2002480693 element-cta \" style=\"background: \">\n\t\t\t\t\t<div class=\"cta-content animate-text loaded-text\" style=\"padding: 5px 50px\">\n\t\t\t\t\t\t<div class=\"content\"><\/div><\/div><\/div><\/div><\/p>\n<hr \/>\n<p><span style=\"color: #ffffff;\">S\u00e2n t\u1eadp Green v\u1edbi \u0111\u1ecba h\u00ecnh 2 bunker th\u1eed th\u00e1ch .<\/span><\/p>\n<hr \/>\n<p>\n\n\t\t\t\t\t\t\n\t\t\t\t\t\n\t\t\t\t\n\n\t\t<style scoped>\n\t\t\t.id_169f31a8cf26fb2002480693.element-cta h1, .id_169f31a8cf26fb2002480693.element-cta h2, .id_169f31a8cf26fb2002480693.element-cta h3, .id_169f31a8cf26fb2002480693.element-cta h4, .id_169f31a8cf26fb2002480693.element-cta h5, .id_169f31a8cf26fb2002480693.element-cta h6 { color: ; }\n\t\t\t.id_169f31a8cf26fb2002480693.element-cta p, .id_169f31a8cf26fb2002480693.element-cta li { color: ; }\n\t\t\t.id_169f31a8cf26fb2002480693.element-cta.page-bg-color { background-color: ; }\n\t\t\t.id_169f31a8cf26fb2002480693.element-cta .reda-header-top { color: ; }\n\t\t\t.id_169f31a8cf26fb2002480693.element-cta .btn-solid.btn-accent, .id_169f31a8cf26fb2002480693 .btn-border.btn-accent:hover { background: ; }\n\t\t\t.id_169f31a8cf26fb2002480693.element-cta .btn-accent { border-color: ; }\n\t\t\t.id_169f31a8cf26fb2002480693.element-cta .btn-border.btn-accent .btn-text { color: ; }\n\t\t\t.id_169f31a8cf26fb2002480693.element-cta .btn-border.btn-accent:hover .btn-text { color: ; } \n\t\t\t<\/style>[vc_empty_space height=&#8221;30px&#8221; height2=&#8221;30px&#8221;][\/vc_column][vc_column width=&#8221;1\/2&#8243;][\/vc_column][\/vc_row][vc_row full_width=&#8221;stretch_row&#8221; equal_height=&#8221;yes&#8221; content_placement=&#8221;top&#8221; css=&#8221;.vc_custom_1541061201463{padding-top: 30px !important;}&#8221; el_class=&#8221;paddingMobile&#8221;][vc_column][vc_row_inner][vc_column_inner css=&#8221;.vc_custom_1538117998626{margin-right: 30px !important;}&#8221;]<div class=\"text-left reda-page-header id_169f31a8cf274a616752588 animate-text  \"><div class=\"reda-header  header-underline underline-50 header-color\" style=\"color: ;\"><\/div><\/div><\/p>\n<ul>\n<li>Ph\u00f2ng t\u1eadp Golf 3D \u0111\u1ea1t chu\u1ea9n qu\u1ed1c t\u1ebf.<\/li>\n<li>C\u1ea3m bi\u1ebfn ch\u01a1i golf trong nh\u00e0 Bravo( H\u00e0n Qu\u1ed1c)<\/li>\n<li>H\u1ec7 th\u1ed1ng c\u1ea3m bi\u1ebfn h\u1ed3ng ngo\u1ea1i Bravo\u00a0c\u00f3 t\u00ednh n\u0103ng ch\u01a1i s\u00e2n t\u1eadp, ch\u01a1i game, luy\u1ec7n \u0111\u00e1nh k\u1ef9 thu\u1eadt, \u0111\u00e1nh thi \u0111\u1ea5u &#8211; Ch\u1ebf \u0111\u1ed9 ch\u01a1i 18 h\u1ed1, g\u1ea7n 100 s\u00e2n golf n\u1ed5i ti\u1ebfng th\u1ebf gi\u1edbi v\u00e0\u00a0Vi\u1ec7t Nam<\/li>\n<\/ul>\n<p><style scoped> .reda-page-header.id_169f31a8cf274a616752588 .header-underline:after { background-color: ; }<\/style><style scoped> .reda-page-header.id_169f31a8cf275f2069292085 .header-underline:after { background-color: ; }<\/style>[vc_empty_space height=&#8221;30px&#8221; height2=&#8221;0&#8243;][\/vc_column_inner][\/vc_row_inner][\/vc_column][\/vc_row][vc_row parallax_image=&#8221;4245&#8243;][vc_column width=&#8221;1\/2&#8243;][\/vc_column][vc_column width=&#8221;1\/2&#8243;][vc_empty_space height=&#8221;400px&#8221; height2=&#8221;400px&#8221;]<div class=\" call-to-action cta-sm\"><div class=\"page-bg-color id_169f31a8cf278f1697655547 element-cta \" style=\"background: \">\n\t\t\t\t\t<div class=\"cta-content animate-text loaded-text\" style=\"padding: 10px 50px\">\n\t\t\t\t\t\t<div class=\"content\"><\/div><\/div><\/div><\/div><\/p>\n<hr \/>\n<p><span style=\"color: #ffffff;\">Ph\u00f2ng t\u1eadp 3D v\u1edbi c\u1ea3m bi\u1ebfn hi\u1ec7n \u0111\u1ea1i nh\u1ea5t c\u1ee7a h\u00e3ng ACCUGOLF(USA)<\/span><\/p>\n<hr \/>\n<p>\n\n\t\t\t\t\t\t\n\t\t\t\t\t\n\t\t\t\t\n\n\t\t<style scoped>\n\t\t\t.id_169f31a8cf278f1697655547.element-cta h1, .id_169f31a8cf278f1697655547.element-cta h2, .id_169f31a8cf278f1697655547.element-cta h3, .id_169f31a8cf278f1697655547.element-cta h4, .id_169f31a8cf278f1697655547.element-cta h5, .id_169f31a8cf278f1697655547.element-cta h6 { color: ; }\n\t\t\t.id_169f31a8cf278f1697655547.element-cta p, .id_169f31a8cf278f1697655547.element-cta li { color: ; }\n\t\t\t.id_169f31a8cf278f1697655547.element-cta.page-bg-color { background-color: ; }\n\t\t\t.id_169f31a8cf278f1697655547.element-cta .reda-header-top { color: ; }\n\t\t\t.id_169f31a8cf278f1697655547.element-cta .btn-solid.btn-accent, .id_169f31a8cf278f1697655547 .btn-border.btn-accent:hover { background: ; }\n\t\t\t.id_169f31a8cf278f1697655547.element-cta .btn-accent { border-color: ; }\n\t\t\t.id_169f31a8cf278f1697655547.element-cta .btn-border.btn-accent .btn-text { color: ; }\n\t\t\t.id_169f31a8cf278f1697655547.element-cta .btn-border.btn-accent:hover .btn-text { color: ; } \n\t\t\t<\/style>[vc_empty_space height=&#8221;30px&#8221; height2=&#8221;30px&#8221;][\/vc_column][\/vc_row][vc_row][vc_column][vc_empty_space][\/vc_column][\/vc_row][vc_row parallax_image=&#8221;4493&#8243;][vc_column width=&#8221;1\/2&#8243;][vc_empty_space height=&#8221;400px&#8221; height2=&#8221;400px&#8221;]<div class=\" call-to-action cta-sm\"><div class=\"page-bg-color id_169f31a8cf27ef1845849086 element-cta \" style=\"background: \">\n\t\t\t\t\t<div class=\"cta-content animate-text loaded-text\" style=\"padding: 10px 50px\">\n\t\t\t\t\t\t<div class=\"content\"><\/div><\/div><\/div><\/div><\/p>\n<hr \/>\n<p><span style=\"color: #ffffff;\">Ph\u00e1t b\u00f3ng v\u1edbi h\u1ed3ng t\u00e2m gi\u00fap ng\u01b0\u1eddi ch\u01a1i \u0111\u1ecbnh h\u01b0\u1edbng b\u00f3ng, c\u1ea3i thi\u1ec7n \u0111\u1ed9 ch\u00ednh x\u00e1c.<\/span><\/p>\n<hr \/>\n<p>\n\n\t\t\t\t\t\t\n\t\t\t\t\t\n\t\t\t\t\n\n\t\t<style scoped>\n\t\t\t.id_169f31a8cf27ef1845849086.element-cta h1, .id_169f31a8cf27ef1845849086.element-cta h2, .id_169f31a8cf27ef1845849086.element-cta h3, .id_169f31a8cf27ef1845849086.element-cta h4, .id_169f31a8cf27ef1845849086.element-cta h5, .id_169f31a8cf27ef1845849086.element-cta h6 { color: ; }\n\t\t\t.id_169f31a8cf27ef1845849086.element-cta p, .id_169f31a8cf27ef1845849086.element-cta li { color: ; }\n\t\t\t.id_169f31a8cf27ef1845849086.element-cta.page-bg-color { background-color: ; }\n\t\t\t.id_169f31a8cf27ef1845849086.element-cta .reda-header-top { color: ; }\n\t\t\t.id_169f31a8cf27ef1845849086.element-cta .btn-solid.btn-accent, .id_169f31a8cf27ef1845849086 .btn-border.btn-accent:hover { background: ; }\n\t\t\t.id_169f31a8cf27ef1845849086.element-cta .btn-accent { border-color: ; }\n\t\t\t.id_169f31a8cf27ef1845849086.element-cta .btn-border.btn-accent .btn-text { color: ; }\n\t\t\t.id_169f31a8cf27ef1845849086.element-cta .btn-border.btn-accent:hover .btn-text { color: ; } \n\t\t\t<\/style>[vc_empty_space height=&#8221;30px&#8221; height2=&#8221;30px&#8221;][\/vc_column][vc_column width=&#8221;1\/2&#8243;][vc_empty_space][\/vc_column][\/vc_row][vc_row][vc_column][vc_empty_space][\/vc_column][\/vc_row][vc_row parallax_image=&#8221;4609&#8243;][vc_column width=&#8221;1\/2&#8243;][vc_empty_space][\/vc_column][vc_column width=&#8221;1\/2&#8243;][vc_empty_space height=&#8221;400px&#8221; height2=&#8221;400&#8243;]<div class=\" call-to-action cta-sm\"><div class=\"page-bg-color id_169f31a8cf284b1522904524 element-cta \" style=\"background: \">\n\t\t\t\t\t<div class=\"cta-content animate-text loaded-text\" style=\"padding: 10px 60px\">\n\t\t\t\t\t\t<div class=\"content\"><\/div><\/div><\/div><\/div><\/p>\n<hr \/>\n<p style=\"text-align: left;\"><span style=\"color: #ffffff;\">Driving Range cho ng\u01b0\u1eddi m\u1edbi b\u1eaft \u0111\u1ea7u tho\u1ea3i m\u00e1i l\u00e0m quen, luy\u1ec7n t\u1eadp th\u1ef1c h\u00e0nh nh\u1eefng c\u00fa swing m\u1ea1nh m\u1ebd.<\/span><\/p>\n<hr \/>\n<p>\n\n\t\t\t\t\t\t\n\t\t\t\t\t\n\t\t\t\t\n\n\t\t<style scoped>\n\t\t\t.id_169f31a8cf284b1522904524.element-cta h1, .id_169f31a8cf284b1522904524.element-cta h2, .id_169f31a8cf284b1522904524.element-cta h3, .id_169f31a8cf284b1522904524.element-cta h4, .id_169f31a8cf284b1522904524.element-cta h5, .id_169f31a8cf284b1522904524.element-cta h6 { color: ; }\n\t\t\t.id_169f31a8cf284b1522904524.element-cta p, .id_169f31a8cf284b1522904524.element-cta li { color: ; }\n\t\t\t.id_169f31a8cf284b1522904524.element-cta.page-bg-color { background-color: ; }\n\t\t\t.id_169f31a8cf284b1522904524.element-cta .reda-header-top { color: ; }\n\t\t\t.id_169f31a8cf284b1522904524.element-cta .btn-solid.btn-accent, .id_169f31a8cf284b1522904524 .btn-border.btn-accent:hover { background: ; }\n\t\t\t.id_169f31a8cf284b1522904524.element-cta .btn-accent { border-color: ; }\n\t\t\t.id_169f31a8cf284b1522904524.element-cta .btn-border.btn-accent .btn-text { color: ; }\n\t\t\t.id_169f31a8cf284b1522904524.element-cta .btn-border.btn-accent:hover .btn-text { color: ; } \n\t\t\t<\/style>[vc_empty_space height2=&#8221;30&#8243;][\/vc_column][\/vc_row]<\/p>\n","protected":false},"excerpt":{"rendered":"<p>[vc_row full_width=&#8221;stretch_row_content_no_spaces&#8221; gap=&#8221;yes&#8221; equal_height=&#8221;yes&#8221; content_placement=&#8221;middle&#8221; parallax=&#8221;content-moving&#8221; parallax_image=&#8221;4150&#8243; el_class=&#8221;reset-padding resetbk-image&#8221; css=&#8221;.vc_custom_1614216893371{margin-top: 0px !important;margin-bottom: 0px !important;padding-top: 0px !important;padding-bottom: 0px !important;background-position: center;background-repeat: no-repeat !important;background-size: cover !important;}&#8221;][vc_column width=&#8221;2\/3&#8243;][\/vc_column][vc_column width=&#8221;1\/3&#8243; el_class=&#8221;tien-ich&#8221;][vc_empty_space height=&#8221;100px&#8221; height2=&#8221;400px&#8221; el_class=&#8221;heightSingle&#8221;][vc_empty_space height=&#8221;100px&#8221; height2=&#8221;0&#8243;][\/vc_column][\/vc_row][vc_row full_width=&#8221;stretch_row&#8221; equal_height=&#8221;yes&#8221; content_placement=&#8221;top&#8221; css=&#8221;.vc_custom_1541061201463{padding-top: 30px !important;}&#8221; el_class=&#8221;paddingMobile&#8221;][vc_column][vc_row_inner][vc_column_inner css=&#8221;.vc_custom_1538117998626{margin-right: 30px !important;}&#8221;][vc_column_text css=&#8221;.vc_custom_1614177107162{margin-top: 0px !important;}&#8221;]S\u00e2n t\u1eadp HAAN Golf Club \u0111\u01b0\u1ee3c x\u00e2y d\u1ef1ng tr\u00ean di\u1ec7n t\u00edch 4000 [&hellip;]<\/p>\n","protected":false},"author":7,"featured_media":0,"parent":0,"menu_order":0,"comment_status":"closed","ping_status":"closed","template":"","meta":[],"_links":{"self":[{"href":"https:\/\/haanresort.com\/en\/wp-json\/wp\/v2\/pages\/5156"}],"collection":[{"href":"https:\/\/haanresort.com\/en\/wp-json\/wp\/v2\/pages"}],"about":[{"href":"https:\/\/haanresort.com\/en\/wp-json\/wp\/v2\/types\/page"}],"author":[{"embeddable":true,"href":"https:\/\/haanresort.com\/en\/wp-json\/wp\/v2\/users\/7"}],"replies":[{"embeddable":true,"href":"https:\/\/haanresort.com\/en\/wp-json\/wp\/v2\/comments?post=5156"}],"version-history":[{"count":1,"href":"https:\/\/haanresort.com\/en\/wp-json\/wp\/v2\/pages\/5156\/revisions"}],"predecessor-version":[{"id":5200,"href":"https:\/\/haanresort.com\/en\/wp-json\/wp\/v2\/pages\/5156\/revisions\/5200"}],"wp:attachment":[{"href":"https:\/\/haanresort.com\/en\/wp-json\/wp\/v2\/media?parent=5156"}],"curies":[{"name":"wp","href":"https:\/\/api.w.org\/{rel}","templated":true}]}}