{"id":3509,"date":"2021-02-23T09:17:30","date_gmt":"2021-02-23T02:17:30","guid":{"rendered":"https:\/\/haanresort.com\/gioi-thieu\/"},"modified":"2023-01-30T11:35:35","modified_gmt":"2023-01-30T04:35:35","slug":"gioi-thieu","status":"publish","type":"page","link":"https:\/\/haanresort.com\/en\/gioi-thieu\/","title":{"rendered":"Gi\u1edbi thi\u1ec7u"},"content":{"rendered":"<p>[vc_row full_width=&#8221;stretch_row&#8221; parallax_image=&#8221;1518&#8243; css=&#8221;.vc_custom_1535339066118{padding-top: 100px !important;padding-bottom: 80px !important;background-position: center !important;background-repeat: no-repeat !important;background-size: cover !important;}&#8221;][vc_column][vc_row_inner content_placement=&#8221;top&#8221; css=&#8221;.vc_custom_1535091971570{margin-top: 0px !important;padding-top: 0px !important;}&#8221;][vc_column_inner]<div class=\"text-left reda-page-header id_169e14217932a7217390856 animate-text   vc_custom_1600854103076\"><div class=\"reda-header  header-color\" style=\"color: ;\"><\/div><\/div><\/p>\n<h2>V\u1ec1 ch\u00fang t\u00f4i<\/h2>\n<p><style scoped> .reda-page-header.id_169e14217932a7217390856 .header-underline:after { background-color: ; }<\/style>[vc_custom_heading text=&#8221;Haan Resort &amp; Golf&#8221; font_container=&#8221;tag:h3|text_align:left|color:%23ab6c2d&#8221; google_fonts=&#8221;font_family:Dancing%20Script%3Aregular%2C700|font_style:700%20bold%20regular%3A700%3Anormal&#8221; css=&#8221;.vc_custom_1675052654962{margin-bottom: 0px !important;padding-bottom: 20px !important;}&#8221;][\/vc_column_inner][\/vc_row_inner][vc_text_separator title=&#8221;&#8221; color=&#8221;custom&#8221; border_width=&#8221;2&#8243; accent_color=&#8221;#ab6c2d&#8221;][vc_row_inner css=&#8221;.vc_custom_1535092044832{margin-bottom: 0px !important;padding-bottom: 0px !important;}&#8221;][vc_column_inner width=&#8221;1\/2&#8243;][vc_column_text css=&#8221;.vc_custom_1675052778671{margin-right: 30px !important;}&#8221;]<span style=\"font-size: 14px;\">T\u1ecda l\u1ea1c n\u01a1i \u0111\u1ea3o ng\u1ecdc Long Ph\u01b0\u1edbc trong l\u00e0nh c\u1ee7a th\u00e0nh ph\u1ed1 Th\u1ee7 \u0110\u1ee9c- th\u00e0nh ph\u1ed1 s\u00e1ng t\u1ea1o, thu\u1ed9c th\u00e0nh ph\u1ed1 H\u1ed3 Ch\u00ed\u00a0 Minh, khu ngh\u1ec9 d\u01b0\u1ee1ng HAAN Resort &amp; Golf xinh \u0111\u1eb9p \u1ea9n m\u00ecnh d\u01b0\u1edbi nh\u1eefng t\u00e1n c\u00e2y xanh m\u00e1t b\u00ean d\u00f2ng su\u1ed1i nh\u1ecf \u0111\u1ed5 ra s\u00f4ng \u0110\u1ed3ng Nai r\u1ed9ng l\u1edbn ch\u1edf \u0111\u1ea7y ph\u00f9 sa, v\u1edbi t\u1ea7m nh\u00ecn ra to\u00e0n c\u1ea3nh ho\u00e0ng h\u00f4n tuy\u1ec7t \u0111\u1eb9p. HAAN c\u00f3 h\u1ec7 th\u1ed1ng nh\u00e0 ngh\u1ec9 l\u00e3ng m\u1ea1n, \u0111\u1ea7y \u0111\u1ee7 ti\u1ec7n nghi v\u00e0 khu t\u1eadp golf sang tr\u1ecdng c\u00f9ng c\u00e1c d\u1ecbch v\u1ee5 cho nh\u1eefng kh\u00e1ch h\u00e0ng s\u00e0nh \u0111i\u1ec7u v\u00e0 c\u00e1c th\u00e0nh vi\u00ean gia \u0111\u00ecnh t\u1eadn h\u01b0\u1edfng nh\u1eefng th\u00fa vui gi\u1ea3i tr\u00ed l\u00e0nh m\u1ea1nh, ch\u0103m s\u00f3c s\u1ee9c kh\u1ecfe v\u00e0 h\u01a1n n\u1eefa l\u00e0\u00a0 s\u1ef1 k\u1ebft n\u1ed1i \u0111\u1ec3 th\u00e0nh c\u00f4ng trong kinh doanh.th\u00e0nh<br \/>\n<\/span>[\/vc_column_text][\/vc_column_inner][vc_column_inner width=&#8221;1\/2&#8243;][vc_column_text]<span style=\"font-size: 14px;\">HAAN Resort &amp; Golf l\u00e0 \u0111\u01a1n v\u1ecb ti\u00ean phong t\u1ea1i th\u00e0nh ph\u1ed1 Th\u1ee7 \u0110\u1ee9c cung c\u1ea5p m\u1ed9t t\u1ed5 h\u1ee3p d\u1ecbch v\u1ee5 cao c\u1ea5p, sang tr\u1ecdng v\u1edbi c\u00e1c ti\u1ec7n \u00edch ngh\u1ec9 d\u01b0\u1ee1ng h\u01b0\u1edbng \u0111\u1ebfn nh\u1eefng doanh nh\u00e2n, ng\u01b0\u1eddi th\u00e0nh \u0111\u1ea1t ngh\u1ec9 ng\u01a1i, t\u1eadp luy\u1ec7n, ch\u0103m s\u00f3c s\u1ee9c kh\u1ecfe. V\u1edbi \u0111\u1ed9i ng\u0169 chuy\u00ean nghi\u1ec7p, n\u0103ng \u0111\u1ed9ng, s\u1eb5n s\u00e0ng ph\u1ee5c v\u1ee5, ch\u00fang t\u00f4i lu\u00f4n c\u1ea7u th\u1ecb \u0111\u1ec3 ho\u00e0n thi\u1ec7n \u0111\u1ea1t \u0111\u1ebfn d\u1ecbch v\u1ee5 ho\u00e0n h\u1ea3o, v\u01b0\u1ee3t qua s\u1ef1 mong \u0111\u1ee3i v\u00e0 h\u00e0i l\u00f2ng c\u1ee7a qu\u00fd kh\u00e1ch.<br \/>\n<\/span>[\/vc_column_text][\/vc_column_inner][\/vc_row_inner][\/vc_column][\/vc_row][vc_row full_width=&#8221;stretch_row_content&#8221; css=&#8221;.vc_custom_1599818631343{background-color: #182d1f !important;}&#8221; el_class=&#8221;cta-box-home&#8221;][vc_column]<div class=\" vc_custom_1614219229685 call-to-action cta-sm\"><div class=\"page-bg-color id_169e1421793323926774841 element-cta \" style=\"background: #1d351e\">\n\t\t\t\t\t<div class=\"cta-content animate-text loaded-text\" style=\"padding: 100px 10%\">\n\t\t\t\t\t\t<div class=\"content\"><\/div><\/div><\/div><\/div><\/p>\n<p class=\"reda-header-top\" style=\"text-align: center; margin-bottom: 5px;\"><span style=\"color: #ab6c2d; font-size: 10px;\">HA AN<\/span><\/p>\n<h1 style=\"text-align: center;\"><span style=\"color: #ab6c2d;\">T\u1ea7m nh\u00ecn<\/span><\/h1>\n<p>HAAN Resort &amp; Golf h\u01b0\u1edbng \u0111\u1ebfn m\u1ed9t t\u1ed5 h\u1ee3p ngh\u1ec9 d\u01b0\u1ee1ng cao c\u1ea5p k\u1ebft h\u1ee3p th\u1ec3 thao, ch\u0103m s\u00f3c s\u1ee9c kh\u1ecfe nh\u1eb1m s\u1edf h\u1eefu h\u1ec7 sinh th\u00e1i kinh doanh l\u1ea5y s\u1ef1 v\u1eadn h\u00e0nh c\u1ee7a t\u1ea1o h\u00f3a l\u00e0m n\u1ec1n t\u1ea3ng th\u01b0\u01a1ng hi\u1ec7u v\u00e0 ph\u00e1t tri\u1ec3n.<\/p>\n\n\t\t\t\t\t\t<div class=\"text-center animate-text \" style=\"margin-bottom: 0;\"><a href=\"https:\/\/haanresort.com\/gioi-thieu\/\"  class=\"btn btn-single btn-md btn-border btn-accent btn-rounded \">\n\t\t\t\t\t<span class=\"btn-text \">Xem th\u00eam<\/span>\n\t\t\t\t<\/a><\/div>\n\t\t\t\t\t\n\t\t\t\t\n\n\t\t<style scoped>\n\t\t\t.id_169e1421793323926774841.element-cta h1, .id_169e1421793323926774841.element-cta h2, .id_169e1421793323926774841.element-cta h3, .id_169e1421793323926774841.element-cta h4, .id_169e1421793323926774841.element-cta h5, .id_169e1421793323926774841.element-cta h6 { color: #ffffff; }\n\t\t\t.id_169e1421793323926774841.element-cta p, .id_169e1421793323926774841.element-cta li { color: #ffffff; }\n\t\t\t.id_169e1421793323926774841.element-cta.page-bg-color { background-color: #1d351e; }\n\t\t\t.id_169e1421793323926774841.element-cta .reda-header-top { color: #ab6c2d; }\n\t\t\t.id_169e1421793323926774841.element-cta .btn-solid.btn-accent, .id_169e1421793323926774841 .btn-border.btn-accent:hover { background: #ab6c2d; }\n\t\t\t.id_169e1421793323926774841.element-cta .btn-accent { border-color: #ab6c2d; }\n\t\t\t.id_169e1421793323926774841.element-cta .btn-border.btn-accent .btn-text { color: #ab6c2d; }\n\t\t\t.id_169e1421793323926774841.element-cta .btn-border.btn-accent:hover .btn-text { color: #1d351e; } \n\t\t\t<\/style><div class=\" vc_custom_1614220181388 call-to-action cta-sm\"><div class=\"page-bg-color id_169e142179380b1870035410 element-cta \" style=\"background: #1d351e\">\n\t\t\t\t\t<div class=\"cta-content animate-text loaded-text\" style=\"padding: 100px 10%\">\n\t\t\t\t\t\t<div class=\"content\">\n<p class=\"reda-header-top\" style=\"text-align: center; margin-bottom: 5px;\"><span style=\"color: #ab6c2d; font-size: 10px;\">HA AN<\/span><\/p>\n<h1 style=\"text-align: center;\"><span style=\"color: #ab6c2d;\">S\u1ee9 m\u1ec7nh<\/span><\/h1>\n<p>Ch\u00fang t\u00f4i t\u1ea1o n\u00ean nh\u1eefng gi\u00e1 tr\u1ecb \u0111\u00edch th\u1ef1c bao g\u1ed3m s\u1ea3n ph\u1ea9m d\u1ecbch v\u1ee5 ch\u1ea5t l\u01b0\u1ee3ng, m\u00f4i tr\u01b0\u1eddng trong l\u00e0nh, th\u00e2n thi\u1ec7n h\u00f2a m\u00ecnh v\u1edbi thi\u00ean nhi\u00ean, h\u00f3a gi\u1ea3i nh\u1eefng lo \u00e2u trong cu\u1ed9c s\u1ed1ng h\u01b0\u1edbng \u0111\u1ebfn s\u1ef1 th\u1ecfa m\u00e3n gi\u00e1 tr\u1ecb b\u1ea3n th\u00e2n, gia \u0111\u00ecnh v\u00e0 c\u1ed9ng \u0111\u1ed3ng.<\/p>\n<p style=\"text-align: center;\"><span style=\"font-size: 14px;\">Ch\u00fang t\u00f4i ph\u1ee5c v\u1ee5 cho t\u1ea5t c\u1ea3 c\u00e1c lo\u1ea1i s\u1ef1 ki\u1ec7n kh\u00e1c nhau, t\u1eeb h\u1ed9i ngh\u1ecb kinh doanh ch\u00ednh th\u1ee9c \/ cu\u1ed9c h\u1ecdp \/ h\u1ed9i th\u1ea3o \u0111\u1ebfn d\u1ea1 ti\u1ec7c ti\u1ec7c c\u01b0\u1edbi tr\u01b0a \/ t\u1ed1i \u0111\u1ebfn ti\u1ec7c m\u1eebng ti\u1ec7c ri\u00eang\u00a0 v\u1edbi c\u00e1c b\u1ed1 tr\u00ed kh\u00e1c nhau theo y\u00eau c\u1ea7u.\u00a0<\/span><\/p>\n<\/div>\n\t\t\t\t\t\t<div class=\"text-center animate-text \" style=\"margin-bottom: 0;\"><a href=\"https:\/\/haanresort.com\/khach-san\/\"  class=\"btn btn-single btn-md btn-border btn-accent btn-rounded \">\n\t\t\t\t\t<span class=\"btn-text \">Xem th\u00eam<\/span>\n\t\t\t\t<\/a><\/div>\n\t\t\t\t\t<\/div>\n\t\t\t\t<\/div><\/div>\n\n\t\t<style scoped>\n\t\t\t.id_169e142179380b1870035410.element-cta h1, .id_169e142179380b1870035410.element-cta h2, .id_169e142179380b1870035410.element-cta h3, .id_169e142179380b1870035410.element-cta h4, .id_169e142179380b1870035410.element-cta h5, .id_169e142179380b1870035410.element-cta h6 { color: #ffffff; }\n\t\t\t.id_169e142179380b1870035410.element-cta p, .id_169e142179380b1870035410.element-cta li { color: #ffffff; }\n\t\t\t.id_169e142179380b1870035410.element-cta.page-bg-color { background-color: #1d351e; }\n\t\t\t.id_169e142179380b1870035410.element-cta .reda-header-top { color: #ab6c2d; }\n\t\t\t.id_169e142179380b1870035410.element-cta .btn-solid.btn-accent, .id_169e142179380b1870035410 .btn-border.btn-accent:hover { background: #ab6c2d; }\n\t\t\t.id_169e142179380b1870035410.element-cta .btn-accent { border-color: #ab6c2d; }\n\t\t\t.id_169e142179380b1870035410.element-cta .btn-border.btn-accent .btn-text { color: #ab6c2d; }\n\t\t\t.id_169e142179380b1870035410.element-cta .btn-border.btn-accent:hover .btn-text { color: #1d351e; } \n\t\t\t<\/style><div class=\" vc_custom_1614222569793 call-to-action cta-sm\"><div class=\"page-bg-color id_169e1421793c82453322898 element-cta \" style=\"background: #1d351e\">\n\t\t\t\t\t<div class=\"cta-content animate-text loaded-text\" style=\"padding: 100px 10%\">\n\t\t\t\t\t\t<div class=\"content\">\n<p class=\"reda-header-top\" style=\"margin-bottom: 5px; text-align: center;\"><span style=\"color: #ab6c2d; font-size: 10px;\">HA AN<\/span><\/p>\n<h1 style=\"text-align: center;\"><span style=\"color: #ab6c2d;\">Gi\u00e1 tr\u1ecb c\u1ed1t l\u00f5i<\/span><\/h1>\n<h1 style=\"text-align: center;\"><span style=\"font-size: 14px;\">HAAN lu\u00f4n h\u01b0\u1edbng t\u1edbi ho\u00e0n thi\u1ec7n d\u1ecbch v\u1ee5 v\u1edbi ph\u01b0\u01a1ng ch\u00e2m kh\u00e1ch h\u00e0ng tr\u00ean h\u1ebft. Ch\u00fang t\u00f4i lu\u00f4n c\u1ea7u th\u1ecb, h\u1ecdc h\u1ecfi, \u0111em h\u1ebft t\u00e2m huy\u1ebft ph\u1ee5c v\u1ee5, th\u1ecfa m\u00e3n kh\u00e1ch h\u00e0ng t\u1eeb nh\u1eefng chi ti\u1ebft nh\u1ecf, \u0111em l\u1ea1i cho m\u1ed7i du kh\u00e1ch khi \u0111\u1ebfn v\u1edbi HAAN s\u1ee9c kh\u1ecfe v\u1ec1 th\u1ec3 ch\u00e1t v\u00e0 an l\u1ea1c trong t\u00e2m h\u1ed3n. <\/span><\/h1>\n<h1 style=\"text-align: center;\"><span style=\"font-size: 14px;\">V\u1edbi \u0111\u1ed9i ng\u0169 chuy\u00ean nghi\u1ec7p, \u0111o\u00e0n k\u1ebft, \u0111\u1ed3ng l\u00f2ng ch\u00fang t\u00f4i cam k\u1ebft ph\u1ee5c v\u1ee5 kh\u00e1ch h\u00e0ng, g\u00f3p ph\u1ea7n thay \u0111\u1ed5i l\u1ed1i s\u1ed1ng \u0111\u00f4 th\u1ecb l\u00e0nh m\u1ea1nh v\u00e0 n\u0103ng \u0111\u1ed9ng h\u01a1n \u0111\u1ec3 t\u00e1i t\u1ea1o n\u0103ng l\u01b0\u1ee3ng t\u01b0\u01a1i m\u1edbi, s\u00e1ng t\u1ea1o.<br \/>\n<\/span><\/h1>\n<\/div>\n\t\t\t\t\t\t<div class=\"text-center animate-text \" style=\"margin-bottom: 0;\"><a href=\"https:\/\/haanresort.com\/thanh-vien\/\"  class=\"btn btn-single btn-md btn-border btn-accent btn-rounded \">\n\t\t\t\t\t<span class=\"btn-text \">Xem th\u00eam<\/span>\n\t\t\t\t<\/a><\/div>\n\t\t\t\t\t<\/div>\n\t\t\t\t<\/div><\/div>\n\n\t\t<style scoped>\n\t\t\t.id_169e1421793c82453322898.element-cta h1, .id_169e1421793c82453322898.element-cta h2, .id_169e1421793c82453322898.element-cta h3, .id_169e1421793c82453322898.element-cta h4, .id_169e1421793c82453322898.element-cta h5, .id_169e1421793c82453322898.element-cta h6 { color: #ffffff; }\n\t\t\t.id_169e1421793c82453322898.element-cta p, .id_169e1421793c82453322898.element-cta li { color: #ffffff; }\n\t\t\t.id_169e1421793c82453322898.element-cta.page-bg-color { background-color: #1d351e; }\n\t\t\t.id_169e1421793c82453322898.element-cta .reda-header-top { color: #ab6c2d; }\n\t\t\t.id_169e1421793c82453322898.element-cta .btn-solid.btn-accent, .id_169e1421793c82453322898 .btn-border.btn-accent:hover { background: #ab6c2d; }\n\t\t\t.id_169e1421793c82453322898.element-cta .btn-accent { border-color: #ab6c2d; }\n\t\t\t.id_169e1421793c82453322898.element-cta .btn-border.btn-accent .btn-text { color: #ab6c2d; }\n\t\t\t.id_169e1421793c82453322898.element-cta .btn-border.btn-accent:hover .btn-text { color: #1d351e; } \n\t\t\t<\/style>[\/vc_column][\/vc_row][vc_row full_width=&#8221;stretch_row&#8221; equal_height=&#8221;yes&#8221; content_placement=&#8221;top&#8221; css=&#8221;.vc_custom_1535341545725{padding-top: 100px !important;padding-bottom: 80px !important;background-image: url(https:\/\/haanresort.com\/wp-content\/uploads\/2018\/08\/texture3.jpg?id=1580) !important;}&#8221;][vc_column][vc_row_inner][vc_column_inner]<div class=\"text-left reda-page-header id_169e1421794088216779372 animate-text  \"><div class=\"reda-header  header-underline underline-50 header-color\" style=\"color: ;\">\n<h1>Ti\u1ec7n \u00edch<\/h1>\n<\/div><\/div><style scoped> .reda-page-header.id_169e1421794088216779372 .header-underline:after { background-color: ; }<\/style>[vc_custom_heading text=&#8221;C\u00e1c d\u1ecbch v\u1ee5 ti\u1ec7n \u00edch&#8221; font_container=&#8221;tag:h3|text_align:left|color:%23ab6c2d&#8221; google_fonts=&#8221;font_family:Dancing%20Script%3Aregular%2C700|font_style:700%20bold%20regular%3A700%3Anormal&#8221; css=&#8221;.vc_custom_1600834550684{margin-bottom: 0px !important;padding-bottom: 20px !important;}&#8221;][\/vc_column_inner][\/vc_row_inner][vc_row_inner el_class=&#8221;home-list&#8221;][vc_column_inner width=&#8221;1\/4&#8243;][vc_column_text]\n<ul>\n<li>\n<h5 class=\"ult-new-ib-title ult-responsive\" data-ultimate-target=\"#interactive-banner-wrap-7146 .ult-new-ib-title\" data-responsive-json-new=\"{&quot;font-size&quot;:&quot;&quot;,&quot;line-height&quot;:&quot;&quot;}\"><a href=\"#\">Ph\u1ea1m vi l\u00e1i xe<\/a><\/h5>\n<\/li>\n<li>\n<h5><a href=\"#\">Khu\u00f4n vi\u00ean xanh m\u00e1t y\u00ean t\u0129nh<\/a><\/h5>\n<\/li>\n<\/ul>\n<p>[\/vc_column_text][\/vc_column_inner][vc_column_inner width=&#8221;1\/4&#8243;][vc_column_text]<\/p>\n<ul>\n<li>\n<h5 class=\"ult-new-ib-title ult-responsive\" data-ultimate-target=\"#interactive-banner-wrap-7146 .ult-new-ib-title\" data-responsive-json-new=\"{&quot;font-size&quot;:&quot;&quot;,&quot;line-height&quot;:&quot;&quot;}\"><a href=\"#\">S\u00e2n ch\u01a1i Golf<\/a><\/h5>\n<\/li>\n<li>\n<h5><a href=\"#\">C\u00e2u l\u1ea1c b\u1ed9 gi\u1ea3i tr\u00ed<\/a><\/h5>\n<\/li>\n<\/ul>\n<p>[\/vc_column_text][\/vc_column_inner][vc_column_inner width=&#8221;1\/4&#8243;][vc_column_text]<\/p>\n<ul>\n<li>\n<h5 class=\"ult-new-ib-title ult-responsive\" data-ultimate-target=\"#interactive-banner-wrap-7146 .ult-new-ib-title\" data-responsive-json-new=\"{&quot;font-size&quot;:&quot;&quot;,&quot;line-height&quot;:&quot;&quot;}\"><a href=\"#\">H\u1ed3 b\u01a1i<\/a><\/h5>\n<\/li>\n<li>\n<h5><a href=\"#\">Khu coffee<\/a><\/h5>\n<\/li>\n<\/ul>\n<p>[\/vc_column_text][\/vc_column_inner][vc_column_inner width=&#8221;1\/4&#8243;][vc_column_text]<\/p>\n<ul>\n<li>\n<h5 class=\"ult-new-ib-title ult-responsive\" data-ultimate-target=\"#interactive-banner-wrap-7146 .ult-new-ib-title\" data-responsive-json-new=\"{&quot;font-size&quot;:&quot;&quot;,&quot;line-height&quot;:&quot;&quot;}\"><a href=\"#\">Spa<\/a><\/h5>\n<\/li>\n<\/ul>\n<p>[\/vc_column_text][\/vc_column_inner][\/vc_row_inner][\/vc_column][\/vc_row][vc_row el_class=&#8221;row-padding&#8221;][vc_column][rev_slider_vc alias=&#8221;offer&#8221;][\/vc_column][\/vc_row][vc_row css=&#8221;.vc_custom_1600856807538{padding-top: 100px !important;padding-bottom: 30px !important;}&#8221;][vc_column]<div class=\"text-left reda-page-header id_169e14217940a51075150546 animate-text  \"><div class=\"reda-header  header-underline underline-50 header-color\" style=\"color: ;\"><\/div><\/div><\/p>\n<h1>Kh\u00e1ch h\u00e0ng &#8211; \u0110\u1ed1i t\u00e1c<\/h1>\n<p><style scoped> .reda-page-header.id_169e14217940a51075150546 .header-underline:after { background-color: ; }<\/style>[vc_custom_heading text=&#8221;Ni\u1ec1m tin t\u1eeb kh\u00e1ch h\u00e0ng&#8221; font_container=&#8221;tag:h3|text_align:left|color:%23ab6c2d&#8221; google_fonts=&#8221;font_family:Dancing%20Script%3Aregular%2C700|font_style:700%20bold%20regular%3A700%3Anormal&#8221; css=&#8221;.vc_custom_1600856419062{margin-bottom: 0px !important;padding-bottom: 20px !important;}&#8221;][\/vc_column][\/vc_row][vc_row css=&#8221;.vc_custom_1600856846711{padding-bottom: 5px !important;}&#8221;][vc_column width=&#8221;1\/4&#8243;][vc_single_image image=&#8221;7766&#8243; img_size=&#8221;full&#8221; alignment=&#8221;center&#8221;][\/vc_column][vc_column width=&#8221;1\/4&#8243;][vc_single_image image=&#8221;7746&#8243; img_size=&#8221;full&#8221; alignment=&#8221;center&#8221;][\/vc_column][vc_column width=&#8221;1\/4&#8243;][vc_single_image image=&#8221;7695&#8243; img_size=&#8221;full&#8221; alignment=&#8221;center&#8221;][\/vc_column][vc_column width=&#8221;1\/4&#8243;][vc_single_image image=&#8221;7752&#8243; img_size=&#8221;full&#8221; alignment=&#8221;center&#8221;][\/vc_column][\/vc_row][vc_row css=&#8221;.vc_custom_1600856818706{padding-bottom: 150px !important;}&#8221;][vc_column width=&#8221;1\/4&#8243;][vc_single_image image=&#8221;7718&#8243; img_size=&#8221;full&#8221; alignment=&#8221;center&#8221;][\/vc_column][vc_column width=&#8221;1\/4&#8243;][vc_single_image image=&#8221;7189&#8243; img_size=&#8221;full&#8221; alignment=&#8221;center&#8221;][\/vc_column][vc_column width=&#8221;1\/4&#8243;][vc_single_image image=&#8221;6942&#8243; img_size=&#8221;full&#8221; alignment=&#8221;center&#8221;][\/vc_column][vc_column width=&#8221;1\/4&#8243;][vc_single_image image=&#8221;7777&#8243; img_size=&#8221;full&#8221; alignment=&#8221;center&#8221;][\/vc_column][\/vc_row]<\/p>\n","protected":false},"excerpt":{"rendered":"<p>[vc_row full_width=&#8221;stretch_row&#8221; parallax_image=&#8221;1518&#8243; css=&#8221;.vc_custom_1535339066118{padding-top: 100px !important;padding-bottom: 80px !important;background-position: center !important;background-repeat: no-repeat !important;background-size: cover !important;}&#8221;][vc_column][vc_row_inner content_placement=&#8221;top&#8221; css=&#8221;.vc_custom_1535091971570{margin-top: 0px !important;padding-top: 0px !important;}&#8221;][vc_column_inner][vc_custom_heading text=&#8221;Haan Resort &amp; Golf&#8221; font_container=&#8221;tag:h3|text_align:left|color:%23ab6c2d&#8221; google_fonts=&#8221;font_family:Dancing%20Script%3Aregular%2C700|font_style:700%20bold%20regular%3A700%3Anormal&#8221; css=&#8221;.vc_custom_1675052654962{margin-bottom: 0px !important;padding-bottom: 20px !important;}&#8221;][\/vc_column_inner][\/vc_row_inner][vc_text_separator title=&#8221;&#8221; color=&#8221;custom&#8221; border_width=&#8221;2&#8243; accent_color=&#8221;#ab6c2d&#8221;][vc_row_inner css=&#8221;.vc_custom_1535092044832{margin-bottom: 0px !important;padding-bottom: 0px !important;}&#8221;][vc_column_inner width=&#8221;1\/2&#8243;][vc_column_text css=&#8221;.vc_custom_1675052778671{margin-right: 30px !important;}&#8221;]T\u1ecda l\u1ea1c n\u01a1i \u0111\u1ea3o ng\u1ecdc Long Ph\u01b0\u1edbc trong l\u00e0nh c\u1ee7a th\u00e0nh ph\u1ed1 [&hellip;]<\/p>\n","protected":false},"author":6,"featured_media":7769,"parent":0,"menu_order":0,"comment_status":"closed","ping_status":"closed","template":"page-templates\/home.php","meta":[],"_links":{"self":[{"href":"https:\/\/haanresort.com\/en\/wp-json\/wp\/v2\/pages\/3509"}],"collection":[{"href":"https:\/\/haanresort.com\/en\/wp-json\/wp\/v2\/pages"}],"about":[{"href":"https:\/\/haanresort.com\/en\/wp-json\/wp\/v2\/types\/page"}],"author":[{"embeddable":true,"href":"https:\/\/haanresort.com\/en\/wp-json\/wp\/v2\/users\/6"}],"replies":[{"embeddable":true,"href":"https:\/\/haanresort.com\/en\/wp-json\/wp\/v2\/comments?post=3509"}],"version-history":[{"count":28,"href":"https:\/\/haanresort.com\/en\/wp-json\/wp\/v2\/pages\/3509\/revisions"}],"predecessor-version":[{"id":7783,"href":"https:\/\/haanresort.com\/en\/wp-json\/wp\/v2\/pages\/3509\/revisions\/7783"}],"wp:featuredmedia":[{"embeddable":true,"href":"https:\/\/haanresort.com\/en\/wp-json\/wp\/v2\/media\/7769"}],"wp:attachment":[{"href":"https:\/\/haanresort.com\/en\/wp-json\/wp\/v2\/media?parent=3509"}],"curies":[{"name":"wp","href":"https:\/\/api.w.org\/{rel}","templated":true}]}}